{"id":100333,"date":"2026-01-17T11:43:57","date_gmt":"2026-01-17T11:43:57","guid":{"rendered":"https:\/\/sullamp.com\/?post_type=product&#038;p=100333"},"modified":"2026-01-17T17:50:30","modified_gmt":"2026-01-17T17:50:30","slug":"cliff-bollard-24v-copia","status":"publish","type":"product","link":"https:\/\/sullamp.com\/en\/produto\/cliff-bollard-24v-copia\/","title":{"rendered":"Cliff Bollard 220-240V"},"content":{"rendered":"<table style=\"height: 386px\" width=\"371\" cellspacing=\"0\" cellpadding=\"0\">\n<tbody>\n<tr>\n<td valign=\"top\">Tipo l\u00e2mpada<\/td>\n<td valign=\"top\">Led<\/td>\n<\/tr>\n<tr>\n<td valign=\"top\">Corpo<\/td>\n<td valign=\"top\">Bet\u00e3o<\/td>\n<\/tr>\n<tr>\n<td valign=\"top\">Cores<\/td>\n<td valign=\"top\">Ivory, Antracite, Terracota<\/td>\n<\/tr>\n<tr>\n<td valign=\"top\">Opticas<\/td>\n<td valign=\"top\">180\u00ba, 360\u00ba<\/td>\n<\/tr>\n<tr>\n<td valign=\"top\">Difusor<\/td>\n<td valign=\"top\">Vidro mate<\/td>\n<\/tr>\n<tr>\n<td valign=\"top\">Pot\u00eancia<\/td>\n<td valign=\"top\">8W, 15W<\/td>\n<\/tr>\n<tr>\n<td valign=\"top\">CRI<\/td>\n<td valign=\"top\">90<\/td>\n<\/tr>\n<tr>\n<td valign=\"top\">IP<\/td>\n<td valign=\"top\">65<\/td>\n<\/tr>\n<tr>\n<td valign=\"top\">CCT<\/td>\n<td valign=\"top\">2700K, 3000K<\/td>\n<\/tr>\n<tr>\n<td valign=\"top\">Fluxo luminoso<\/td>\n<td valign=\"top\">876lm, 917lm<\/td>\n<\/tr>\n<tr>\n<td valign=\"top\">Controlo de fluxo<\/td>\n<td valign=\"top\">N\u00e3o<\/td>\n<\/tr>\n<tr>\n<td valign=\"top\">Tens\u00e3o de entrada<\/td>\n<td valign=\"top\">220-240V<\/td>\n<\/tr>\n<tr>\n<td valign=\"top\">Driver inclu\u00eddo<\/td>\n<td valign=\"top\">Sim<\/td>\n<\/tr>\n<\/tbody>\n<\/table>\n<p>Candeeiro em bet\u00e3o com estaca incluida, funcionamento em 220-240V.<\/p>\n<p>Emiss\u00e3o de luz em 180\u00ba e 360\u00ba.<\/p>\n<p>Driver incluido.<\/p>\n","protected":false},"excerpt":{"rendered":"<p>Tipo l\u00e2mpada Led Corpo Bet\u00e3o Cores Ivory, Antracite, Terracota Opticas 180\u00ba, 360\u00ba Difusor Vidro mate Pot\u00eancia 8W, 15W CRI 90 IP 65 CCT 2700K, 3000K Fluxo luminoso 876lm, 917lm Controlo de fluxo N\u00e3o Tens\u00e3o de entrada 220-240V Driver inclu\u00eddo Sim Candeeiro em bet\u00e3o com estaca incluida, funcionamento em 220-240V. Emiss\u00e3o de luz em 180\u00ba e [&hellip;]<\/p>\n","protected":false},"featured_media":93145,"template":"","meta":{"_acf_changed":false},"product_brand":[201],"product_cat":[28,32],"product_tag":[],"class_list":{"0":"post-100333","1":"product","2":"type-product","3":"status-publish","4":"has-post-thumbnail","6":"product_brand-redo","7":"product_cat-iluminacao-exterior","8":"product_cat-pilar","10":"first","11":"instock","12":"taxable","13":"shipping-taxable","14":"purchasable","15":"product-type-variable","16":"has-default-attributes"},"acf":[],"_links":{"self":[{"href":"https:\/\/sullamp.com\/en\/wp-json\/wp\/v2\/product\/100333","targetHints":{"allow":["GET"]}}],"collection":[{"href":"https:\/\/sullamp.com\/en\/wp-json\/wp\/v2\/product"}],"about":[{"href":"https:\/\/sullamp.com\/en\/wp-json\/wp\/v2\/types\/product"}],"wp:featuredmedia":[{"embeddable":true,"href":"https:\/\/sullamp.com\/en\/wp-json\/wp\/v2\/media\/93145"}],"wp:attachment":[{"href":"https:\/\/sullamp.com\/en\/wp-json\/wp\/v2\/media?parent=100333"}],"wp:term":[{"taxonomy":"product_brand","embeddable":true,"href":"https:\/\/sullamp.com\/en\/wp-json\/wp\/v2\/product_brand?post=100333"},{"taxonomy":"product_cat","embeddable":true,"href":"https:\/\/sullamp.com\/en\/wp-json\/wp\/v2\/product_cat?post=100333"},{"taxonomy":"product_tag","embeddable":true,"href":"https:\/\/sullamp.com\/en\/wp-json\/wp\/v2\/product_tag?post=100333"}],"curies":[{"name":"wp","href":"https:\/\/api.w.org\/{rel}","templated":true}]}}