{"id":100535,"date":"2026-01-19T16:59:16","date_gmt":"2026-01-19T16:59:16","guid":{"rendered":"https:\/\/sullamp.com\/?post_type=product&#038;p=100535"},"modified":"2026-01-22T18:16:05","modified_gmt":"2026-01-22T18:16:05","slug":"sister-ray-100-bollard","status":"publish","type":"product","link":"https:\/\/sullamp.com\/en\/produto\/sister-ray-100-bollard\/","title":{"rendered":"Sister Ray 100 bollard"},"content":{"rendered":"<table style=\"height: 394px\" width=\"410\" cellspacing=\"0\" cellpadding=\"0\">\n<tbody>\n<tr>\n<td valign=\"top\">Tipo l\u00e2mpada<\/td>\n<td valign=\"top\">Led<\/td>\n<\/tr>\n<tr>\n<td valign=\"top\">Corpo<\/td>\n<td valign=\"top\">Alum\u00ednio<\/td>\n<\/tr>\n<tr>\n<td valign=\"top\">Cores<\/td>\n<td valign=\"top\">Branco, antracite, corten, bronze<\/td>\n<\/tr>\n<tr>\n<td valign=\"top\">Opticas<\/td>\n<td valign=\"top\">Assim\u00e9trico<\/td>\n<\/tr>\n<tr>\n<td valign=\"top\">Difusor<\/td>\n<td valign=\"top\">Vidro extra claro<\/td>\n<\/tr>\n<tr>\n<td valign=\"top\">Pot\u00eancia<\/td>\n<td valign=\"top\">7W<\/td>\n<\/tr>\n<tr>\n<td valign=\"top\">CRI<\/td>\n<td valign=\"top\">90<\/td>\n<\/tr>\n<tr>\n<td valign=\"top\">IP<\/td>\n<td valign=\"top\">65<\/td>\n<\/tr>\n<tr>\n<td valign=\"top\">CCT<\/td>\n<td valign=\"top\">2700K, 3000K<\/td>\n<\/tr>\n<tr>\n<td valign=\"top\">Fluxo luminoso<\/td>\n<td valign=\"top\">566lm<\/td>\n<\/tr>\n<tr>\n<td valign=\"top\">Controlo de fluxo<\/td>\n<td valign=\"top\">N\u00e3o<\/td>\n<\/tr>\n<tr>\n<td valign=\"top\">Tens\u00e3o de entrada<\/td>\n<td valign=\"top\">220-240V<\/td>\n<\/tr>\n<tr>\n<td valign=\"top\">Driver inclu\u00eddo<\/td>\n<td valign=\"top\">Sim<\/td>\n<\/tr>\n<\/tbody>\n<\/table>\n","protected":false},"excerpt":{"rendered":"<p>Tipo l\u00e2mpada Led Corpo Alum\u00ednio Cores Branco, antracite, corten, bronze Opticas Assim\u00e9trico Difusor Vidro extra claro Pot\u00eancia 7W CRI 90 IP 65 CCT 2700K, 3000K Fluxo luminoso 566lm Controlo de fluxo N\u00e3o Tens\u00e3o de entrada 220-240V Driver inclu\u00eddo Sim<\/p>\n","protected":false},"featured_media":100543,"template":"","meta":{"_acf_changed":false},"product_brand":[30],"product_cat":[28,32],"product_tag":[],"class_list":{"0":"post-100535","1":"product","2":"type-product","3":"status-publish","4":"has-post-thumbnail","6":"product_brand-platek","7":"product_cat-iluminacao-exterior","8":"product_cat-pilar","10":"first","11":"instock","12":"taxable","13":"shipping-taxable","14":"purchasable","15":"product-type-variable"},"acf":[],"_links":{"self":[{"href":"https:\/\/sullamp.com\/en\/wp-json\/wp\/v2\/product\/100535","targetHints":{"allow":["GET"]}}],"collection":[{"href":"https:\/\/sullamp.com\/en\/wp-json\/wp\/v2\/product"}],"about":[{"href":"https:\/\/sullamp.com\/en\/wp-json\/wp\/v2\/types\/product"}],"wp:featuredmedia":[{"embeddable":true,"href":"https:\/\/sullamp.com\/en\/wp-json\/wp\/v2\/media\/100543"}],"wp:attachment":[{"href":"https:\/\/sullamp.com\/en\/wp-json\/wp\/v2\/media?parent=100535"}],"wp:term":[{"taxonomy":"product_brand","embeddable":true,"href":"https:\/\/sullamp.com\/en\/wp-json\/wp\/v2\/product_brand?post=100535"},{"taxonomy":"product_cat","embeddable":true,"href":"https:\/\/sullamp.com\/en\/wp-json\/wp\/v2\/product_cat?post=100535"},{"taxonomy":"product_tag","embeddable":true,"href":"https:\/\/sullamp.com\/en\/wp-json\/wp\/v2\/product_tag?post=100535"}],"curies":[{"name":"wp","href":"https:\/\/api.w.org\/{rel}","templated":true}]}}