{"id":102646,"date":"2026-02-02T18:32:55","date_gmt":"2026-02-02T18:32:55","guid":{"rendered":"https:\/\/sullamp.com\/?post_type=product&#038;p=102646"},"modified":"2026-02-03T11:17:45","modified_gmt":"2026-02-03T11:17:45","slug":"ld-sl500lbh20-30w-mt","status":"publish","type":"product","link":"https:\/\/sullamp.com\/en\/produto\/ld-sl500lbh20-30w-mt\/","title":{"rendered":"LD SL500 &#8211; IP20 &#8211; 30W\/mt"},"content":{"rendered":"<table style=\"height: 451px\" width=\"326\" cellspacing=\"0\" cellpadding=\"0\">\n<tbody>\n<tr>\n<td valign=\"top\">Tipo l\u00e2mpada<\/td>\n<td valign=\"top\">Strip led<\/td>\n<\/tr>\n<tr>\n<td valign=\"top\">Corpo<\/td>\n<td valign=\"top\">Circuito estampado flex\u00edvel<\/td>\n<\/tr>\n<tr>\n<td valign=\"top\">N\u00ba leds p\/metro<\/td>\n<td valign=\"top\">528 led<\/td>\n<\/tr>\n<tr>\n<td valign=\"top\">Fixa\u00e7\u00e3o<\/td>\n<td valign=\"top\">Fita adesiva 3M<\/td>\n<\/tr>\n<tr>\n<td valign=\"top\">Difusor<\/td>\n<td valign=\"top\">N\/A<\/td>\n<\/tr>\n<tr>\n<td valign=\"top\">Opticas<\/td>\n<td valign=\"top\">Difuso<\/td>\n<\/tr>\n<tr>\n<td valign=\"top\">Pot\u00eancia<\/td>\n<td valign=\"top\">30W\/mt<\/td>\n<\/tr>\n<tr>\n<td valign=\"top\">Tens\u00e3o entrada<\/td>\n<td valign=\"top\">24V<\/td>\n<\/tr>\n<tr>\n<td valign=\"top\">Fluxo luminoso<\/td>\n<td valign=\"top\">4730, 4800 lm\/mt<\/td>\n<\/tr>\n<tr>\n<td valign=\"top\">Tonalidade luz<\/td>\n<td valign=\"top\">2700K, 3000K<\/td>\n<\/tr>\n<tr>\n<td valign=\"top\">CRI<\/td>\n<td valign=\"top\">90+<\/td>\n<\/tr>\n<tr>\n<td valign=\"top\">Tempo vida led<\/td>\n<td valign=\"top\">50000 horas<\/td>\n<\/tr>\n<tr>\n<td valign=\"top\">Controlo fluxo<\/td>\n<td valign=\"top\">Sim<\/td>\n<\/tr>\n<tr>\n<td valign=\"top\">Driver incluido<\/td>\n<td valign=\"top\">N\u00e3o<\/td>\n<\/tr>\n<tr>\n<td valign=\"top\">IP<\/td>\n<td valign=\"top\">20<\/td>\n<\/tr>\n<\/tbody>\n<\/table>\n<p>Strip led elevada qualidade<br \/>\nReconstitui\u00e7\u00e3o crom\u00e1tica CRI90+<br \/>\nChip 2216<br \/>\nElevada densidade de leds (528 p\/metro)<br \/>\nVendido em rolos de 5mt<\/p>\n<p>&nbsp;<\/p>\n","protected":false},"excerpt":{"rendered":"<p>Tipo l\u00e2mpada Strip led Corpo Circuito estampado flex\u00edvel N\u00ba leds p\/metro 528 led Fixa\u00e7\u00e3o Fita adesiva 3M Difusor N\/A Opticas Difuso Pot\u00eancia 30W\/mt Tens\u00e3o entrada 24V Fluxo luminoso 4730, 4800 lm\/mt Tonalidade luz 2700K, 3000K CRI 90+ Tempo vida led 50000 horas Controlo fluxo Sim Driver incluido N\u00e3o IP 20 Strip led elevada qualidade Reconstitui\u00e7\u00e3o [&hellip;]<\/p>\n","protected":false},"featured_media":102601,"template":"","meta":{"_acf_changed":false},"product_brand":[],"product_cat":[106,55],"product_tag":[],"class_list":{"0":"post-102646","1":"product","2":"type-product","3":"status-publish","4":"has-post-thumbnail","6":"product_cat-fitas-de-led","7":"product_cat-iluminacao-tecnica","9":"first","10":"instock","11":"taxable","12":"shipping-taxable","13":"purchasable","14":"product-type-variable"},"acf":[],"_links":{"self":[{"href":"https:\/\/sullamp.com\/en\/wp-json\/wp\/v2\/product\/102646","targetHints":{"allow":["GET"]}}],"collection":[{"href":"https:\/\/sullamp.com\/en\/wp-json\/wp\/v2\/product"}],"about":[{"href":"https:\/\/sullamp.com\/en\/wp-json\/wp\/v2\/types\/product"}],"wp:featuredmedia":[{"embeddable":true,"href":"https:\/\/sullamp.com\/en\/wp-json\/wp\/v2\/media\/102601"}],"wp:attachment":[{"href":"https:\/\/sullamp.com\/en\/wp-json\/wp\/v2\/media?parent=102646"}],"wp:term":[{"taxonomy":"product_brand","embeddable":true,"href":"https:\/\/sullamp.com\/en\/wp-json\/wp\/v2\/product_brand?post=102646"},{"taxonomy":"product_cat","embeddable":true,"href":"https:\/\/sullamp.com\/en\/wp-json\/wp\/v2\/product_cat?post=102646"},{"taxonomy":"product_tag","embeddable":true,"href":"https:\/\/sullamp.com\/en\/wp-json\/wp\/v2\/product_tag?post=102646"}],"curies":[{"name":"wp","href":"https:\/\/api.w.org\/{rel}","templated":true}]}}