{"id":102681,"date":"2026-02-03T10:09:26","date_gmt":"2026-02-03T10:09:26","guid":{"rendered":"https:\/\/sullamp.com\/?post_type=product&#038;p=102681"},"modified":"2026-02-03T15:48:13","modified_gmt":"2026-02-03T15:48:13","slug":"ld-sl200lb-cri97-28w-mt","status":"publish","type":"product","link":"https:\/\/sullamp.com\/en\/produto\/ld-sl200lb-cri97-28w-mt\/","title":{"rendered":"LD SL200LB &#8211; CRI97 &#8211; 28W\/mt"},"content":{"rendered":"<table style=\"height: 451px\" width=\"326\" cellspacing=\"0\" cellpadding=\"0\">\n<tbody>\n<tr>\n<td valign=\"top\">Tipo l\u00e2mpada<\/td>\n<td valign=\"top\">Strip led<\/td>\n<\/tr>\n<tr>\n<td valign=\"top\">Corpo<\/td>\n<td valign=\"top\">Circuito estampado flex\u00edvel<\/td>\n<\/tr>\n<tr>\n<td valign=\"top\">N\u00ba leds p\/metro<\/td>\n<td valign=\"top\">240 led<\/td>\n<\/tr>\n<tr>\n<td valign=\"top\">Fixa\u00e7\u00e3o<\/td>\n<td valign=\"top\">Fita adesiva 3M 300SLE<\/td>\n<\/tr>\n<tr>\n<td valign=\"top\">Difusor<\/td>\n<td valign=\"top\">N\/A<\/td>\n<\/tr>\n<tr>\n<td valign=\"top\">Opticas<\/td>\n<td valign=\"top\">Difuso<\/td>\n<\/tr>\n<tr>\n<td valign=\"top\">Pot\u00eancia<\/td>\n<td valign=\"top\">28W\/mt<\/td>\n<\/tr>\n<tr>\n<td valign=\"top\">Tens\u00e3o entrada<\/td>\n<td valign=\"top\">24V<\/td>\n<\/tr>\n<tr>\n<td valign=\"top\">Fluxo luminoso<\/td>\n<td valign=\"top\">3800, 3900 lm\/mt<\/td>\n<\/tr>\n<tr>\n<td valign=\"top\">Tonalidade luz<\/td>\n<td valign=\"top\">3000K, 4000K<\/td>\n<\/tr>\n<tr>\n<td valign=\"top\">CRI<\/td>\n<td valign=\"top\">97+<\/td>\n<\/tr>\n<tr>\n<td valign=\"top\">Tempo vida led<\/td>\n<td valign=\"top\">50000 horas<\/td>\n<\/tr>\n<tr>\n<td valign=\"top\">Controlo fluxo<\/td>\n<td valign=\"top\">Sim<\/td>\n<\/tr>\n<tr>\n<td valign=\"top\">Driver incluido<\/td>\n<td valign=\"top\">N\u00e3o<\/td>\n<\/tr>\n<tr>\n<td valign=\"top\">IP<\/td>\n<td valign=\"top\">20<\/td>\n<\/tr>\n<\/tbody>\n<\/table>\n<p>-Strip led elevada qualidade<br \/>\n-Reconstitui\u00e7\u00e3o crom\u00e1tica extremamente elevada CRI97+<br \/>\nideal para uso profissional onde a reconstitui\u00e7\u00e3o de cores \u00e9 muito importante<br \/>\n-Chip 2835<br \/>\n-Elevada densidade de leds (240 p\/metro)<br \/>\n-Vendido em rolos de 5mt<\/p>\n<p>&nbsp;<\/p>\n","protected":false},"excerpt":{"rendered":"<p>Tipo l\u00e2mpada Strip led Corpo Circuito estampado flex\u00edvel N\u00ba leds p\/metro 240 led Fixa\u00e7\u00e3o Fita adesiva 3M 300SLE Difusor N\/A Opticas Difuso Pot\u00eancia 28W\/mt Tens\u00e3o entrada 24V Fluxo luminoso 3800, 3900 lm\/mt Tonalidade luz 3000K, 4000K CRI 97+ Tempo vida led 50000 horas Controlo fluxo Sim Driver incluido N\u00e3o IP 20 -Strip led elevada qualidade [&hellip;]<\/p>\n","protected":false},"featured_media":102601,"template":"","meta":{"_acf_changed":false},"product_brand":[],"product_cat":[106,55],"product_tag":[],"class_list":{"0":"post-102681","1":"product","2":"type-product","3":"status-publish","4":"has-post-thumbnail","6":"product_cat-fitas-de-led","7":"product_cat-iluminacao-tecnica","9":"first","10":"instock","11":"taxable","12":"shipping-taxable","13":"purchasable","14":"product-type-variable"},"acf":[],"_links":{"self":[{"href":"https:\/\/sullamp.com\/en\/wp-json\/wp\/v2\/product\/102681","targetHints":{"allow":["GET"]}}],"collection":[{"href":"https:\/\/sullamp.com\/en\/wp-json\/wp\/v2\/product"}],"about":[{"href":"https:\/\/sullamp.com\/en\/wp-json\/wp\/v2\/types\/product"}],"wp:featuredmedia":[{"embeddable":true,"href":"https:\/\/sullamp.com\/en\/wp-json\/wp\/v2\/media\/102601"}],"wp:attachment":[{"href":"https:\/\/sullamp.com\/en\/wp-json\/wp\/v2\/media?parent=102681"}],"wp:term":[{"taxonomy":"product_brand","embeddable":true,"href":"https:\/\/sullamp.com\/en\/wp-json\/wp\/v2\/product_brand?post=102681"},{"taxonomy":"product_cat","embeddable":true,"href":"https:\/\/sullamp.com\/en\/wp-json\/wp\/v2\/product_cat?post=102681"},{"taxonomy":"product_tag","embeddable":true,"href":"https:\/\/sullamp.com\/en\/wp-json\/wp\/v2\/product_tag?post=102681"}],"curies":[{"name":"wp","href":"https:\/\/api.w.org\/{rel}","templated":true}]}}