{"id":103208,"date":"2026-02-07T16:21:12","date_gmt":"2026-02-07T16:21:12","guid":{"rendered":"https:\/\/sullamp.com\/?post_type=product&#038;p=103208"},"modified":"2026-02-07T17:02:27","modified_gmt":"2026-02-07T17:02:27","slug":"ld-opt500-ip65-29w-mt","status":"publish","type":"product","link":"https:\/\/sullamp.com\/en\/produto\/ld-opt500-ip65-29w-mt\/","title":{"rendered":"LD OPT500 &#8211; IP65 &#8211; 29W\/mt"},"content":{"rendered":"<table style=\"height: 451px\" width=\"326\" cellspacing=\"0\" cellpadding=\"0\">\n<tbody>\n<tr>\n<td valign=\"top\">Tipo l\u00e2mpada<\/td>\n<td valign=\"top\">Strip led<\/td>\n<\/tr>\n<tr>\n<td valign=\"top\">Corpo<\/td>\n<td valign=\"top\">PVC e silicone<\/td>\n<\/tr>\n<tr>\n<td valign=\"top\">N\u00ba leds p\/metro<\/td>\n<td valign=\"top\">25 led<\/td>\n<\/tr>\n<tr>\n<td valign=\"top\">Fixa\u00e7\u00e3o<\/td>\n<td valign=\"top\">N\/A<\/td>\n<\/tr>\n<tr>\n<td valign=\"top\">Difusor<\/td>\n<td valign=\"top\">N\/A<\/td>\n<\/tr>\n<tr>\n<td valign=\"top\">Opticas<\/td>\n<td valign=\"top\">30\u00ba<\/td>\n<\/tr>\n<tr>\n<td valign=\"top\">Pot\u00eancia<\/td>\n<td valign=\"top\">29W\/mt<\/td>\n<\/tr>\n<tr>\n<td valign=\"top\">Tens\u00e3o entrada<\/td>\n<td valign=\"top\">24V<\/td>\n<\/tr>\n<tr>\n<td valign=\"top\">Fluxo luminoso<\/td>\n<td valign=\"top\">1600, 1700 lm\/mt<\/td>\n<\/tr>\n<tr>\n<td valign=\"top\">Tonalidade luz<\/td>\n<td valign=\"top\">2700K, 3000K<\/td>\n<\/tr>\n<tr>\n<td valign=\"top\">CRI<\/td>\n<td valign=\"top\">80<\/td>\n<\/tr>\n<tr>\n<td valign=\"top\">Tempo vida led<\/td>\n<td valign=\"top\">50000 horas<\/td>\n<\/tr>\n<tr>\n<td valign=\"top\">Controlo fluxo<\/td>\n<td valign=\"top\">Sim<\/td>\n<\/tr>\n<tr>\n<td valign=\"top\">Driver incluido<\/td>\n<td valign=\"top\">N\u00e3o<\/td>\n<\/tr>\n<tr>\n<td valign=\"top\">IP<\/td>\n<td valign=\"top\">65<\/td>\n<\/tr>\n<\/tbody>\n<\/table>\n<p>-Strip led elevada qualidade<br \/>\n-Reconstitui\u00e7\u00e3o crom\u00e1tica CRI80<br \/>\n-Isolamento IP65 atrav\u00e9s de revestimento em silicone<br \/>\n-25 leds p\/metro<br \/>\n-Vendido em rolos de 1, 2,5 e 5 metros<br \/>\n-Led strip equipado com uma \u00f3tica com um feixe de abertura de 30\u00b0 que garante profundidade de campo<br \/>\n(pode iluminar at\u00e9 12 metros de altura); a dist\u00e2ncia de 4 cm entre as lentes garante uniformidade de luz na parede.<br \/>\n-A coextrus\u00e3o de silicone e o uso de PCBs independentes permitem a curvatura 3D do produto (tanto no eixo vertical como no horizontal).<\/p>\n","protected":false},"excerpt":{"rendered":"<p>Tipo l\u00e2mpada Strip led Corpo PVC e silicone N\u00ba leds p\/metro 25 led Fixa\u00e7\u00e3o N\/A Difusor N\/A Opticas 30\u00ba Pot\u00eancia 29W\/mt Tens\u00e3o entrada 24V Fluxo luminoso 1600, 1700 lm\/mt Tonalidade luz 2700K, 3000K CRI 80 Tempo vida led 50000 horas Controlo fluxo Sim Driver incluido N\u00e3o IP 65 -Strip led elevada qualidade -Reconstitui\u00e7\u00e3o crom\u00e1tica CRI80 [&hellip;]<\/p>\n","protected":false},"featured_media":103207,"template":"","meta":{"_acf_changed":false},"product_brand":[],"product_cat":[106,55],"product_tag":[],"class_list":{"0":"post-103208","1":"product","2":"type-product","3":"status-publish","4":"has-post-thumbnail","6":"product_cat-fitas-de-led","7":"product_cat-iluminacao-tecnica","9":"first","10":"instock","11":"taxable","12":"shipping-taxable","13":"purchasable","14":"product-type-variable"},"acf":[],"_links":{"self":[{"href":"https:\/\/sullamp.com\/en\/wp-json\/wp\/v2\/product\/103208","targetHints":{"allow":["GET"]}}],"collection":[{"href":"https:\/\/sullamp.com\/en\/wp-json\/wp\/v2\/product"}],"about":[{"href":"https:\/\/sullamp.com\/en\/wp-json\/wp\/v2\/types\/product"}],"wp:featuredmedia":[{"embeddable":true,"href":"https:\/\/sullamp.com\/en\/wp-json\/wp\/v2\/media\/103207"}],"wp:attachment":[{"href":"https:\/\/sullamp.com\/en\/wp-json\/wp\/v2\/media?parent=103208"}],"wp:term":[{"taxonomy":"product_brand","embeddable":true,"href":"https:\/\/sullamp.com\/en\/wp-json\/wp\/v2\/product_brand?post=103208"},{"taxonomy":"product_cat","embeddable":true,"href":"https:\/\/sullamp.com\/en\/wp-json\/wp\/v2\/product_cat?post=103208"},{"taxonomy":"product_tag","embeddable":true,"href":"https:\/\/sullamp.com\/en\/wp-json\/wp\/v2\/product_tag?post=103208"}],"curies":[{"name":"wp","href":"https:\/\/api.w.org\/{rel}","templated":true}]}}