{"id":103228,"date":"2026-02-07T17:18:35","date_gmt":"2026-02-07T17:18:35","guid":{"rendered":"https:\/\/sullamp.com\/?post_type=product&#038;p=103228"},"modified":"2026-02-09T09:57:01","modified_gmt":"2026-02-09T09:57:01","slug":"ld-flm24-ip65-9w-mt","status":"publish","type":"product","link":"https:\/\/sullamp.com\/en\/produto\/ld-flm24-ip65-9w-mt\/","title":{"rendered":"LD FLM24 &#8211; IP65 &#8211; 9W\/mt"},"content":{"rendered":"<table style=\"height: 451px\" width=\"326\" cellspacing=\"0\" cellpadding=\"0\">\n<tbody>\n<tr>\n<td valign=\"top\">Tipo l\u00e2mpada<\/td>\n<td valign=\"top\">Strip led<\/td>\n<\/tr>\n<tr>\n<td valign=\"top\">Corpo<\/td>\n<td valign=\"top\">Circuito estampado flex\u00edvel<\/td>\n<\/tr>\n<tr>\n<td valign=\"top\">N\u00ba leds p\/metro<\/td>\n<td valign=\"top\">120 led<\/td>\n<\/tr>\n<tr>\n<td valign=\"top\">Fixa\u00e7\u00e3o<\/td>\n<td valign=\"top\">Fita adesiva 3M VHB<\/td>\n<\/tr>\n<tr>\n<td valign=\"top\">Difusor<\/td>\n<td valign=\"top\">N\/A<\/td>\n<\/tr>\n<tr>\n<td valign=\"top\">Opticas<\/td>\n<td valign=\"top\">Difuso<\/td>\n<\/tr>\n<tr>\n<td valign=\"top\">Pot\u00eancia<\/td>\n<td valign=\"top\">9W\/mt<\/td>\n<\/tr>\n<tr>\n<td valign=\"top\">Tens\u00e3o entrada<\/td>\n<td valign=\"top\">24V<\/td>\n<\/tr>\n<tr>\n<td valign=\"top\">Fluxo luminoso<\/td>\n<td valign=\"top\">590, 610 lm\/mt<\/td>\n<\/tr>\n<tr>\n<td valign=\"top\">Tonalidade luz<\/td>\n<td valign=\"top\">2700K, 3000K<\/td>\n<\/tr>\n<tr>\n<td valign=\"top\">CRI<\/td>\n<td valign=\"top\">80<\/td>\n<\/tr>\n<tr>\n<td valign=\"top\">Tempo vida led<\/td>\n<td valign=\"top\">50000 horas<\/td>\n<\/tr>\n<tr>\n<td valign=\"top\">Controlo fluxo<\/td>\n<td valign=\"top\">Sim<\/td>\n<\/tr>\n<tr>\n<td valign=\"top\">Driver incluido<\/td>\n<td valign=\"top\">N\u00e3o<\/td>\n<\/tr>\n<tr>\n<td valign=\"top\">IP<\/td>\n<td valign=\"top\">65<\/td>\n<\/tr>\n<\/tbody>\n<\/table>\n<p>-Strip led elevada qualidade<br \/>\n-Reconstitui\u00e7\u00e3o crom\u00e1tica CRI80<br \/>\n-Isolamento IP65 atrav\u00e9s de revestimento em elastomero<br \/>\nde silicone dissipador de calor<br \/>\n-120\u00a0 leds p\/metro<br \/>\n-Vendido em rolos de 5mt<\/p>\n<p>&nbsp;<\/p>\n","protected":false},"excerpt":{"rendered":"<p>Tipo l\u00e2mpada Strip led Corpo Circuito estampado flex\u00edvel N\u00ba leds p\/metro 120 led Fixa\u00e7\u00e3o Fita adesiva 3M VHB Difusor N\/A Opticas Difuso Pot\u00eancia 9W\/mt Tens\u00e3o entrada 24V Fluxo luminoso 590, 610 lm\/mt Tonalidade luz 2700K, 3000K CRI 80 Tempo vida led 50000 horas Controlo fluxo Sim Driver incluido N\u00e3o IP 65 -Strip led elevada qualidade [&hellip;]<\/p>\n","protected":false},"featured_media":103233,"template":"","meta":{"_acf_changed":false},"product_brand":[],"product_cat":[106,55],"product_tag":[],"class_list":{"0":"post-103228","1":"product","2":"type-product","3":"status-publish","4":"has-post-thumbnail","6":"product_cat-fitas-de-led","7":"product_cat-iluminacao-tecnica","9":"first","10":"instock","11":"taxable","12":"shipping-taxable","13":"purchasable","14":"product-type-variable"},"acf":[],"_links":{"self":[{"href":"https:\/\/sullamp.com\/en\/wp-json\/wp\/v2\/product\/103228","targetHints":{"allow":["GET"]}}],"collection":[{"href":"https:\/\/sullamp.com\/en\/wp-json\/wp\/v2\/product"}],"about":[{"href":"https:\/\/sullamp.com\/en\/wp-json\/wp\/v2\/types\/product"}],"wp:featuredmedia":[{"embeddable":true,"href":"https:\/\/sullamp.com\/en\/wp-json\/wp\/v2\/media\/103233"}],"wp:attachment":[{"href":"https:\/\/sullamp.com\/en\/wp-json\/wp\/v2\/media?parent=103228"}],"wp:term":[{"taxonomy":"product_brand","embeddable":true,"href":"https:\/\/sullamp.com\/en\/wp-json\/wp\/v2\/product_brand?post=103228"},{"taxonomy":"product_cat","embeddable":true,"href":"https:\/\/sullamp.com\/en\/wp-json\/wp\/v2\/product_cat?post=103228"},{"taxonomy":"product_tag","embeddable":true,"href":"https:\/\/sullamp.com\/en\/wp-json\/wp\/v2\/product_tag?post=103228"}],"curies":[{"name":"wp","href":"https:\/\/api.w.org\/{rel}","templated":true}]}}