{"id":103551,"date":"2026-02-12T18:25:11","date_gmt":"2026-02-12T18:25:11","guid":{"rendered":"https:\/\/sullamp.com\/?post_type=product&#038;p=103551"},"modified":"2026-02-12T18:58:22","modified_gmt":"2026-02-12T18:58:22","slug":"lh-gcv150h24","status":"publish","type":"product","link":"https:\/\/sullamp.com\/en\/produto\/lh-gcv150h24\/","title":{"rendered":"LH GCV150H24"},"content":{"rendered":"<table style=\"height: 452px\" width=\"418\">\n<tbody>\n<tr>\n<td>Transformador<\/td>\n<td>Voltagem Constante<\/td>\n<\/tr>\n<tr>\n<td>Voltagem saida<\/td>\n<td>24V DC<\/td>\n<\/tr>\n<tr>\n<td>Voltagem entrada<\/td>\n<td>220-240V AC<\/td>\n<\/tr>\n<tr>\n<td>Pot\u00eancia sa\u00edda<\/td>\n<td>0-150W<\/td>\n<\/tr>\n<tr>\n<td>Enrolameto Duplo<\/td>\n<td>Sim<\/td>\n<\/tr>\n<tr>\n<td>Pot\u00eancia<\/td>\n<td>150W<\/td>\n<\/tr>\n<tr>\n<td>IP<\/td>\n<td>IP20<\/td>\n<\/tr>\n<tr>\n<td>CCT<\/td>\n<td>N\/A<\/td>\n<\/tr>\n<tr>\n<td>Fluxo luminoso<\/td>\n<td>N\/A<\/td>\n<\/tr>\n<tr>\n<td>Controlo de fluxo<\/td>\n<td>Sim &#8211; 4 niveis<\/td>\n<\/tr>\n<tr>\n<td>Driver inclu\u00eddo<\/td>\n<td>N\/A<\/td>\n<\/tr>\n<\/tbody>\n<\/table>\n","protected":false},"excerpt":{"rendered":"<p>Transformador Voltagem Constante Voltagem saida 24V DC Voltagem entrada 220-240V AC Pot\u00eancia sa\u00edda 0-150W Enrolameto Duplo Sim Pot\u00eancia 150W IP IP20 CCT N\/A Fluxo luminoso N\/A Controlo de fluxo Sim &#8211; 4 niveis Driver inclu\u00eddo N\/A<\/p>\n","protected":false},"featured_media":103564,"template":"","meta":{"_acf_changed":false},"product_brand":[],"product_cat":[9084,55],"product_tag":[],"class_list":{"0":"post-103551","1":"product","2":"type-product","3":"status-publish","4":"has-post-thumbnail","6":"product_cat-transformadores","7":"product_cat-iluminacao-tecnica","9":"first","10":"instock","11":"taxable","12":"shipping-taxable","13":"purchasable","14":"product-type-variable"},"acf":[],"_links":{"self":[{"href":"https:\/\/sullamp.com\/en\/wp-json\/wp\/v2\/product\/103551","targetHints":{"allow":["GET"]}}],"collection":[{"href":"https:\/\/sullamp.com\/en\/wp-json\/wp\/v2\/product"}],"about":[{"href":"https:\/\/sullamp.com\/en\/wp-json\/wp\/v2\/types\/product"}],"wp:featuredmedia":[{"embeddable":true,"href":"https:\/\/sullamp.com\/en\/wp-json\/wp\/v2\/media\/103564"}],"wp:attachment":[{"href":"https:\/\/sullamp.com\/en\/wp-json\/wp\/v2\/media?parent=103551"}],"wp:term":[{"taxonomy":"product_brand","embeddable":true,"href":"https:\/\/sullamp.com\/en\/wp-json\/wp\/v2\/product_brand?post=103551"},{"taxonomy":"product_cat","embeddable":true,"href":"https:\/\/sullamp.com\/en\/wp-json\/wp\/v2\/product_cat?post=103551"},{"taxonomy":"product_tag","embeddable":true,"href":"https:\/\/sullamp.com\/en\/wp-json\/wp\/v2\/product_tag?post=103551"}],"curies":[{"name":"wp","href":"https:\/\/api.w.org\/{rel}","templated":true}]}}