{"id":104552,"date":"2026-02-24T14:44:49","date_gmt":"2026-02-24T14:44:49","guid":{"rendered":"https:\/\/sullamp.com\/?post_type=product&#038;p=104552"},"modified":"2026-02-24T15:18:31","modified_gmt":"2026-02-24T15:18:31","slug":"mika-suspenso","status":"publish","type":"product","link":"https:\/\/sullamp.com\/en\/produto\/mika-suspenso\/","title":{"rendered":"Mika Suspenso"},"content":{"rendered":"<table>\n<tbody>\n<tr>\n<td>Tipo l\u00e2mpada<\/td>\n<td>Led<\/td>\n<\/tr>\n<tr>\n<td>Corpo<\/td>\n<td>A\u00e7o<\/td>\n<\/tr>\n<tr>\n<td>Cores<\/td>\n<td>Preto Mate, Branco Mate, Ouro Brilhante, Bronze<\/td>\n<\/tr>\n<tr>\n<td>Opticas<\/td>\n<td>N\/A<\/td>\n<\/tr>\n<tr>\n<td>Difusor<\/td>\n<td>Metal<\/td>\n<\/tr>\n<tr>\n<td>Pot\u00eancia<\/td>\n<td>3W<\/td>\n<\/tr>\n<tr>\n<td>IP<\/td>\n<td>IP20<\/td>\n<\/tr>\n<tr>\n<td>CCT<\/td>\n<td>2700k<\/td>\n<\/tr>\n<tr>\n<td>Fluxo luminoso<\/td>\n<td>300lm<\/td>\n<\/tr>\n<tr>\n<td>Controlo de fluxo<\/td>\n<td>Dim\u00e1vel Triac<\/td>\n<\/tr>\n<tr>\n<td>Driver inclu\u00eddo<\/td>\n<td>Sim<\/td>\n<\/tr>\n<\/tbody>\n<\/table>\n","protected":false},"excerpt":{"rendered":"<p>Tipo l\u00e2mpada Led Corpo A\u00e7o Cores Preto Mate, Branco Mate, Ouro Brilhante, Bronze Opticas N\/A Difusor Metal Pot\u00eancia 3W IP IP20 CCT 2700k Fluxo luminoso 300lm Controlo de fluxo Dim\u00e1vel Triac Driver inclu\u00eddo Sim<\/p>\n","protected":false},"featured_media":104553,"template":"","meta":{"_acf_changed":false},"product_brand":[],"product_cat":[20,26],"product_tag":[],"class_list":{"0":"post-104552","1":"product","2":"type-product","3":"status-publish","4":"has-post-thumbnail","6":"product_cat-iluminacao-interior","7":"product_cat-suspensos","9":"first","10":"instock","11":"taxable","12":"shipping-taxable","13":"purchasable","14":"product-type-variable","15":"has-default-attributes"},"acf":[],"_links":{"self":[{"href":"https:\/\/sullamp.com\/en\/wp-json\/wp\/v2\/product\/104552","targetHints":{"allow":["GET"]}}],"collection":[{"href":"https:\/\/sullamp.com\/en\/wp-json\/wp\/v2\/product"}],"about":[{"href":"https:\/\/sullamp.com\/en\/wp-json\/wp\/v2\/types\/product"}],"wp:featuredmedia":[{"embeddable":true,"href":"https:\/\/sullamp.com\/en\/wp-json\/wp\/v2\/media\/104553"}],"wp:attachment":[{"href":"https:\/\/sullamp.com\/en\/wp-json\/wp\/v2\/media?parent=104552"}],"wp:term":[{"taxonomy":"product_brand","embeddable":true,"href":"https:\/\/sullamp.com\/en\/wp-json\/wp\/v2\/product_brand?post=104552"},{"taxonomy":"product_cat","embeddable":true,"href":"https:\/\/sullamp.com\/en\/wp-json\/wp\/v2\/product_cat?post=104552"},{"taxonomy":"product_tag","embeddable":true,"href":"https:\/\/sullamp.com\/en\/wp-json\/wp\/v2\/product_tag?post=104552"}],"curies":[{"name":"wp","href":"https:\/\/api.w.org\/{rel}","templated":true}]}}