{"id":104714,"date":"2026-02-25T17:30:01","date_gmt":"2026-02-25T17:30:01","guid":{"rendered":"https:\/\/sullamp.com\/?post_type=product&#038;p=104714"},"modified":"2026-02-25T17:30:08","modified_gmt":"2026-02-25T17:30:08","slug":"glamm-suspenso","status":"publish","type":"product","link":"https:\/\/sullamp.com\/en\/produto\/glamm-suspenso\/","title":{"rendered":"Glamm Suspenso"},"content":{"rendered":"<table>\n<tbody>\n<tr>\n<td>Tipo l\u00e2mpada<\/td>\n<td>Led<\/td>\n<\/tr>\n<tr>\n<td>Corpo<\/td>\n<td>A\u00e7o, M\u00e1rmore<\/td>\n<\/tr>\n<tr>\n<td>Cores<\/td>\n<td>Preto Mate, Ouro Brilhante, Lat\u00e3o Mate, Branco Mate, Castanho, Nickel<\/td>\n<\/tr>\n<tr>\n<td>Opticas<\/td>\n<td>N\/A<\/td>\n<\/tr>\n<tr>\n<td>Difusor<\/td>\n<td>Vidro<\/td>\n<\/tr>\n<tr>\n<td>Pot\u00eancia<\/td>\n<td>7W<\/td>\n<\/tr>\n<tr>\n<td>IP<\/td>\n<td>IP20<\/td>\n<\/tr>\n<tr>\n<td>CCT<\/td>\n<td>2700k<\/td>\n<\/tr>\n<tr>\n<td>Fluxo luminoso<\/td>\n<td>700lm<\/td>\n<\/tr>\n<tr>\n<td>Controlo de fluxo<\/td>\n<td>Dim\u00e1vel Triac<\/td>\n<\/tr>\n<tr>\n<td>Driver inclu\u00eddo<\/td>\n<td>Sim<\/td>\n<\/tr>\n<\/tbody>\n<\/table>\n","protected":false},"excerpt":{"rendered":"<p>Tipo l\u00e2mpada Led Corpo A\u00e7o, M\u00e1rmore Cores Preto Mate, Ouro Brilhante, Lat\u00e3o Mate, Branco Mate, Castanho, Nickel Opticas N\/A Difusor Vidro Pot\u00eancia 7W IP IP20 CCT 2700k Fluxo luminoso 700lm Controlo de fluxo Dim\u00e1vel Triac Driver inclu\u00eddo Sim<\/p>\n","protected":false},"featured_media":104716,"template":"","meta":{"_acf_changed":false},"product_brand":[],"product_cat":[20,26],"product_tag":[],"class_list":{"0":"post-104714","1":"product","2":"type-product","3":"status-publish","4":"has-post-thumbnail","6":"product_cat-iluminacao-interior","7":"product_cat-suspensos","9":"first","10":"instock","11":"taxable","12":"shipping-taxable","13":"purchasable","14":"product-type-variable","15":"has-default-attributes"},"acf":[],"_links":{"self":[{"href":"https:\/\/sullamp.com\/en\/wp-json\/wp\/v2\/product\/104714","targetHints":{"allow":["GET"]}}],"collection":[{"href":"https:\/\/sullamp.com\/en\/wp-json\/wp\/v2\/product"}],"about":[{"href":"https:\/\/sullamp.com\/en\/wp-json\/wp\/v2\/types\/product"}],"wp:featuredmedia":[{"embeddable":true,"href":"https:\/\/sullamp.com\/en\/wp-json\/wp\/v2\/media\/104716"}],"wp:attachment":[{"href":"https:\/\/sullamp.com\/en\/wp-json\/wp\/v2\/media?parent=104714"}],"wp:term":[{"taxonomy":"product_brand","embeddable":true,"href":"https:\/\/sullamp.com\/en\/wp-json\/wp\/v2\/product_brand?post=104714"},{"taxonomy":"product_cat","embeddable":true,"href":"https:\/\/sullamp.com\/en\/wp-json\/wp\/v2\/product_cat?post=104714"},{"taxonomy":"product_tag","embeddable":true,"href":"https:\/\/sullamp.com\/en\/wp-json\/wp\/v2\/product_tag?post=104714"}],"curies":[{"name":"wp","href":"https:\/\/api.w.org\/{rel}","templated":true}]}}