{"id":104753,"date":"2026-02-25T18:03:24","date_gmt":"2026-02-25T18:03:24","guid":{"rendered":"https:\/\/sullamp.com\/?post_type=product&#038;p=104753"},"modified":"2026-03-03T12:30:11","modified_gmt":"2026-03-03T12:30:11","slug":"copo-suspenso","status":"publish","type":"product","link":"https:\/\/sullamp.com\/en\/produto\/copo-suspenso\/","title":{"rendered":"Copo"},"content":{"rendered":"<table>\n<tbody>\n<tr>\n<td>Tipo l\u00e2mpada<\/td>\n<td>E27<\/td>\n<\/tr>\n<tr>\n<td>Corpo<\/td>\n<td>A\u00e7o, Cer\u00e2mica<\/td>\n<\/tr>\n<tr>\n<td>Cores<\/td>\n<td>Preto Mate, Ouro, Mate, Branco Mate, Antracite<\/td>\n<\/tr>\n<tr>\n<td>Opticas<\/td>\n<td>N\/A<\/td>\n<\/tr>\n<tr>\n<td>Difusor<\/td>\n<td>N\/A<\/td>\n<\/tr>\n<tr>\n<td>Pot\u00eancia<\/td>\n<td>15W<\/td>\n<\/tr>\n<tr>\n<td>IP<\/td>\n<td>IP20<\/td>\n<\/tr>\n<tr>\n<td>CCT<\/td>\n<td><\/td>\n<\/tr>\n<tr>\n<td>Fluxo luminoso<\/td>\n<td><\/td>\n<\/tr>\n<tr>\n<td>Controlo de fluxo<\/td>\n<td>ON\/OFF<\/td>\n<\/tr>\n<tr>\n<td>Driver inclu\u00eddo<\/td>\n<td>N\/A<\/td>\n<\/tr>\n<\/tbody>\n<\/table>\n","protected":false},"excerpt":{"rendered":"<p>Tipo l\u00e2mpada E27 Corpo A\u00e7o, Cer\u00e2mica Cores Preto Mate, Ouro, Mate, Branco Mate, Antracite Opticas N\/A Difusor N\/A Pot\u00eancia 15W IP IP20 CCT Fluxo luminoso Controlo de fluxo ON\/OFF Driver inclu\u00eddo N\/A<\/p>\n","protected":false},"featured_media":104757,"template":"","meta":{"_acf_changed":false},"product_brand":[],"product_cat":[20,55,56],"product_tag":[],"class_list":{"0":"post-104753","1":"product","2":"type-product","3":"status-publish","4":"has-post-thumbnail","6":"product_cat-iluminacao-interior","7":"product_cat-iluminacao-tecnica","8":"product_cat-spot-de-embutir","10":"first","11":"instock","12":"taxable","13":"shipping-taxable","14":"purchasable","15":"product-type-variable","16":"has-default-attributes"},"acf":[],"_links":{"self":[{"href":"https:\/\/sullamp.com\/en\/wp-json\/wp\/v2\/product\/104753","targetHints":{"allow":["GET"]}}],"collection":[{"href":"https:\/\/sullamp.com\/en\/wp-json\/wp\/v2\/product"}],"about":[{"href":"https:\/\/sullamp.com\/en\/wp-json\/wp\/v2\/types\/product"}],"wp:featuredmedia":[{"embeddable":true,"href":"https:\/\/sullamp.com\/en\/wp-json\/wp\/v2\/media\/104757"}],"wp:attachment":[{"href":"https:\/\/sullamp.com\/en\/wp-json\/wp\/v2\/media?parent=104753"}],"wp:term":[{"taxonomy":"product_brand","embeddable":true,"href":"https:\/\/sullamp.com\/en\/wp-json\/wp\/v2\/product_brand?post=104753"},{"taxonomy":"product_cat","embeddable":true,"href":"https:\/\/sullamp.com\/en\/wp-json\/wp\/v2\/product_cat?post=104753"},{"taxonomy":"product_tag","embeddable":true,"href":"https:\/\/sullamp.com\/en\/wp-json\/wp\/v2\/product_tag?post=104753"}],"curies":[{"name":"wp","href":"https:\/\/api.w.org\/{rel}","templated":true}]}}