{"id":104800,"date":"2026-02-26T11:58:03","date_gmt":"2026-02-26T11:58:03","guid":{"rendered":"https:\/\/sullamp.com\/?post_type=product&#038;p=104800"},"modified":"2026-03-03T12:30:52","modified_gmt":"2026-03-03T12:30:52","slug":"bell-suspenso","status":"publish","type":"product","link":"https:\/\/sullamp.com\/en\/produto\/bell-suspenso\/","title":{"rendered":"Bell"},"content":{"rendered":"<table>\n<tbody>\n<tr>\n<td>Tipo l\u00e2mpada<\/td>\n<td>E27<\/td>\n<\/tr>\n<tr>\n<td>Corpo<\/td>\n<td>A\u00e7o, Cer\u00e2mica, M\u00e1rmore<\/td>\n<\/tr>\n<tr>\n<td>Cores<\/td>\n<td>Branco, Preto, Verde, Castanho<\/td>\n<\/tr>\n<tr>\n<td>Opticas<\/td>\n<td>N\/A<\/td>\n<\/tr>\n<tr>\n<td>Difusor<\/td>\n<td>Vidro<\/td>\n<\/tr>\n<tr>\n<td>Pot\u00eancia<\/td>\n<td>15W<\/td>\n<\/tr>\n<tr>\n<td>IP<\/td>\n<td>IP20<\/td>\n<\/tr>\n<tr>\n<td>CCT<\/td>\n<td><\/td>\n<\/tr>\n<tr>\n<td>Fluxo luminoso<\/td>\n<td><\/td>\n<\/tr>\n<tr>\n<td>Controlo de fluxo<\/td>\n<td>ON\/OFF<\/td>\n<\/tr>\n<tr>\n<td>Driver inclu\u00eddo<\/td>\n<td>N\/A<\/td>\n<\/tr>\n<\/tbody>\n<\/table>\n","protected":false},"excerpt":{"rendered":"<p>Tipo l\u00e2mpada E27 Corpo A\u00e7o, Cer\u00e2mica, M\u00e1rmore Cores Branco, Preto, Verde, Castanho Opticas N\/A Difusor Vidro Pot\u00eancia 15W IP IP20 CCT Fluxo luminoso Controlo de fluxo ON\/OFF Driver inclu\u00eddo N\/A<\/p>\n","protected":false},"featured_media":104801,"template":"","meta":{"_acf_changed":false},"product_brand":[],"product_cat":[20,26],"product_tag":[],"class_list":{"0":"post-104800","1":"product","2":"type-product","3":"status-publish","4":"has-post-thumbnail","6":"product_cat-iluminacao-interior","7":"product_cat-suspensos","9":"first","10":"instock","11":"taxable","12":"shipping-taxable","13":"purchasable","14":"product-type-variable","15":"has-default-attributes"},"acf":[],"_links":{"self":[{"href":"https:\/\/sullamp.com\/en\/wp-json\/wp\/v2\/product\/104800","targetHints":{"allow":["GET"]}}],"collection":[{"href":"https:\/\/sullamp.com\/en\/wp-json\/wp\/v2\/product"}],"about":[{"href":"https:\/\/sullamp.com\/en\/wp-json\/wp\/v2\/types\/product"}],"wp:featuredmedia":[{"embeddable":true,"href":"https:\/\/sullamp.com\/en\/wp-json\/wp\/v2\/media\/104801"}],"wp:attachment":[{"href":"https:\/\/sullamp.com\/en\/wp-json\/wp\/v2\/media?parent=104800"}],"wp:term":[{"taxonomy":"product_brand","embeddable":true,"href":"https:\/\/sullamp.com\/en\/wp-json\/wp\/v2\/product_brand?post=104800"},{"taxonomy":"product_cat","embeddable":true,"href":"https:\/\/sullamp.com\/en\/wp-json\/wp\/v2\/product_cat?post=104800"},{"taxonomy":"product_tag","embeddable":true,"href":"https:\/\/sullamp.com\/en\/wp-json\/wp\/v2\/product_tag?post=104800"}],"curies":[{"name":"wp","href":"https:\/\/api.w.org\/{rel}","templated":true}]}}