{"id":104828,"date":"2026-02-26T15:10:54","date_gmt":"2026-02-26T15:10:54","guid":{"rendered":"https:\/\/sullamp.com\/?post_type=product&#038;p=104828"},"modified":"2026-02-27T17:25:07","modified_gmt":"2026-02-27T17:25:07","slug":"doul-suspenso","status":"publish","type":"product","link":"https:\/\/sullamp.com\/en\/produto\/doul-suspenso\/","title":{"rendered":"Doul"},"content":{"rendered":"<table>\n<tbody>\n<tr>\n<td>Tipo l\u00e2mpada<\/td>\n<td>G4<\/td>\n<\/tr>\n<tr>\n<td>Corpo<\/td>\n<td>A\u00e7o, Vidro<\/td>\n<\/tr>\n<tr>\n<td>Cores<\/td>\n<td>Ouro Envelhecido, Preto Mate<\/td>\n<\/tr>\n<tr>\n<td>Opticas<\/td>\n<td>N\/A<\/td>\n<\/tr>\n<tr>\n<td>Difusor<\/td>\n<td>Vidro<\/td>\n<\/tr>\n<tr>\n<td>Pot\u00eancia<\/td>\n<td>3W<\/td>\n<\/tr>\n<tr>\n<td>IP<\/td>\n<td>IP20<\/td>\n<\/tr>\n<tr>\n<td>CCT<\/td>\n<td>2700K<\/td>\n<\/tr>\n<tr>\n<td>Fluxo luminoso<\/td>\n<td>270lm<\/td>\n<\/tr>\n<tr>\n<td>Controlo de fluxo<\/td>\n<td>Dim\u00e1vel<\/td>\n<\/tr>\n<tr>\n<td>Driver inclu\u00eddo<\/td>\n<td>N\/A<\/td>\n<\/tr>\n<\/tbody>\n<\/table>\n","protected":false},"excerpt":{"rendered":"<p>Tipo l\u00e2mpada G4 Corpo A\u00e7o, Vidro Cores Ouro Envelhecido, Preto Mate Opticas N\/A Difusor Vidro Pot\u00eancia 3W IP IP20 CCT 2700K Fluxo luminoso 270lm Controlo de fluxo Dim\u00e1vel Driver inclu\u00eddo N\/A<\/p>\n","protected":false},"featured_media":104834,"template":"","meta":{"_acf_changed":false},"product_brand":[],"product_cat":[20,27],"product_tag":[],"class_list":{"0":"post-104828","1":"product","2":"type-product","3":"status-publish","4":"has-post-thumbnail","6":"product_cat-iluminacao-interior","7":"product_cat-teto","9":"first","10":"instock","11":"taxable","12":"shipping-taxable","13":"purchasable","14":"product-type-variable","15":"has-default-attributes"},"acf":[],"_links":{"self":[{"href":"https:\/\/sullamp.com\/en\/wp-json\/wp\/v2\/product\/104828","targetHints":{"allow":["GET"]}}],"collection":[{"href":"https:\/\/sullamp.com\/en\/wp-json\/wp\/v2\/product"}],"about":[{"href":"https:\/\/sullamp.com\/en\/wp-json\/wp\/v2\/types\/product"}],"wp:featuredmedia":[{"embeddable":true,"href":"https:\/\/sullamp.com\/en\/wp-json\/wp\/v2\/media\/104834"}],"wp:attachment":[{"href":"https:\/\/sullamp.com\/en\/wp-json\/wp\/v2\/media?parent=104828"}],"wp:term":[{"taxonomy":"product_brand","embeddable":true,"href":"https:\/\/sullamp.com\/en\/wp-json\/wp\/v2\/product_brand?post=104828"},{"taxonomy":"product_cat","embeddable":true,"href":"https:\/\/sullamp.com\/en\/wp-json\/wp\/v2\/product_cat?post=104828"},{"taxonomy":"product_tag","embeddable":true,"href":"https:\/\/sullamp.com\/en\/wp-json\/wp\/v2\/product_tag?post=104828"}],"curies":[{"name":"wp","href":"https:\/\/api.w.org\/{rel}","templated":true}]}}