{"id":105176,"date":"2026-03-03T16:13:46","date_gmt":"2026-03-03T16:13:46","guid":{"rendered":"https:\/\/sullamp.com\/?post_type=product&#038;p=105176"},"modified":"2026-03-03T16:13:47","modified_gmt":"2026-03-03T16:13:47","slug":"gina-4","status":"publish","type":"product","link":"https:\/\/sullamp.com\/en\/produto\/gina-4\/","title":{"rendered":"Gina"},"content":{"rendered":"<table>\n<tbody>\n<tr>\n<td>Tipo l\u00e2mpada<\/td>\n<td>2 G9<\/td>\n<\/tr>\n<tr>\n<td>Corpo<\/td>\n<td>A\u00e7o, M\u00e1rmore, Vidro<\/td>\n<\/tr>\n<tr>\n<td>Cores<\/td>\n<td>Branco, Preto<\/td>\n<\/tr>\n<tr>\n<td>Opticas<\/td>\n<td>N\/A<\/td>\n<\/tr>\n<tr>\n<td>Difusor<\/td>\n<td>N\/A<\/td>\n<\/tr>\n<tr>\n<td>Pot\u00eancia<\/td>\n<td>5W<\/td>\n<\/tr>\n<tr>\n<td>IP<\/td>\n<td>IP20<\/td>\n<\/tr>\n<tr>\n<td>CCT<\/td>\n<td>2700k<\/td>\n<\/tr>\n<tr>\n<td>Fluxo luminoso<\/td>\n<td>900lm<\/td>\n<\/tr>\n<tr>\n<td>Controlo de fluxo<\/td>\n<td>Dim\u00e1vel<\/td>\n<\/tr>\n<tr>\n<td>Driver inclu\u00eddo<\/td>\n<td>N\/A<\/td>\n<\/tr>\n<\/tbody>\n<\/table>\n","protected":false},"excerpt":{"rendered":"<p>Tipo l\u00e2mpada 2 G9 Corpo A\u00e7o, M\u00e1rmore, Vidro Cores Branco, Preto Opticas N\/A Difusor N\/A Pot\u00eancia 5W IP IP20 CCT 2700k Fluxo luminoso 900lm Controlo de fluxo Dim\u00e1vel Driver inclu\u00eddo N\/A<\/p>\n","protected":false},"featured_media":105179,"template":"","meta":{"_acf_changed":false},"product_brand":[],"product_cat":[20],"product_tag":[],"class_list":{"0":"post-105176","1":"product","2":"type-product","3":"status-publish","4":"has-post-thumbnail","6":"product_cat-iluminacao-interior","8":"first","9":"instock","10":"taxable","11":"shipping-taxable","12":"purchasable","13":"product-type-variable","14":"has-default-attributes"},"acf":[],"_links":{"self":[{"href":"https:\/\/sullamp.com\/en\/wp-json\/wp\/v2\/product\/105176","targetHints":{"allow":["GET"]}}],"collection":[{"href":"https:\/\/sullamp.com\/en\/wp-json\/wp\/v2\/product"}],"about":[{"href":"https:\/\/sullamp.com\/en\/wp-json\/wp\/v2\/types\/product"}],"wp:featuredmedia":[{"embeddable":true,"href":"https:\/\/sullamp.com\/en\/wp-json\/wp\/v2\/media\/105179"}],"wp:attachment":[{"href":"https:\/\/sullamp.com\/en\/wp-json\/wp\/v2\/media?parent=105176"}],"wp:term":[{"taxonomy":"product_brand","embeddable":true,"href":"https:\/\/sullamp.com\/en\/wp-json\/wp\/v2\/product_brand?post=105176"},{"taxonomy":"product_cat","embeddable":true,"href":"https:\/\/sullamp.com\/en\/wp-json\/wp\/v2\/product_cat?post=105176"},{"taxonomy":"product_tag","embeddable":true,"href":"https:\/\/sullamp.com\/en\/wp-json\/wp\/v2\/product_tag?post=105176"}],"curies":[{"name":"wp","href":"https:\/\/api.w.org\/{rel}","templated":true}]}}