{"id":105332,"date":"2026-03-04T13:35:09","date_gmt":"2026-03-04T13:35:09","guid":{"rendered":"https:\/\/sullamp.com\/?post_type=product&#038;p=105332"},"modified":"2026-03-04T13:35:28","modified_gmt":"2026-03-04T13:35:28","slug":"arctic","status":"publish","type":"product","link":"https:\/\/sullamp.com\/en\/produto\/arctic\/","title":{"rendered":"Arctic"},"content":{"rendered":"<table>\n<tbody>\n<tr>\n<td>Tipo l\u00e2mpada<\/td>\n<td>3 E27<\/td>\n<\/tr>\n<tr>\n<td>Corpo<\/td>\n<td>A\u00e7o<\/td>\n<\/tr>\n<tr>\n<td>Cores<\/td>\n<td>Preto Mate, Mate Lat\u00e3o<\/td>\n<\/tr>\n<tr>\n<td>Opticas<\/td>\n<td>N\/A<\/td>\n<\/tr>\n<tr>\n<td>Difusor<\/td>\n<td>N\/A<\/td>\n<\/tr>\n<tr>\n<td>Pot\u00eancia<\/td>\n<td>13W<\/td>\n<\/tr>\n<tr>\n<td>IP<\/td>\n<td>IP20<\/td>\n<\/tr>\n<tr>\n<td>CCT<\/td>\n<td><\/td>\n<\/tr>\n<tr>\n<td>Fluxo luminoso<\/td>\n<td><\/td>\n<\/tr>\n<tr>\n<td>Controlo de fluxo<\/td>\n<td>Dim\u00e1vel<\/td>\n<\/tr>\n<tr>\n<td>Driver inclu\u00eddo<\/td>\n<td>N\/A<\/td>\n<\/tr>\n<\/tbody>\n<\/table>\n","protected":false},"excerpt":{"rendered":"<p>Tipo l\u00e2mpada 3 E27 Corpo A\u00e7o Cores Preto Mate, Mate Lat\u00e3o Opticas N\/A Difusor N\/A Pot\u00eancia 13W IP IP20 CCT Fluxo luminoso Controlo de fluxo Dim\u00e1vel Driver inclu\u00eddo N\/A<\/p>\n","protected":false},"featured_media":105334,"template":"","meta":{"_acf_changed":false},"product_brand":[],"product_cat":[20,25],"product_tag":[],"class_list":{"0":"post-105332","1":"product","2":"type-product","3":"status-publish","4":"has-post-thumbnail","6":"product_cat-iluminacao-interior","7":"product_cat-pe","9":"first","10":"instock","11":"taxable","12":"shipping-taxable","13":"purchasable","14":"product-type-variable","15":"has-default-attributes"},"acf":[],"_links":{"self":[{"href":"https:\/\/sullamp.com\/en\/wp-json\/wp\/v2\/product\/105332","targetHints":{"allow":["GET"]}}],"collection":[{"href":"https:\/\/sullamp.com\/en\/wp-json\/wp\/v2\/product"}],"about":[{"href":"https:\/\/sullamp.com\/en\/wp-json\/wp\/v2\/types\/product"}],"wp:featuredmedia":[{"embeddable":true,"href":"https:\/\/sullamp.com\/en\/wp-json\/wp\/v2\/media\/105334"}],"wp:attachment":[{"href":"https:\/\/sullamp.com\/en\/wp-json\/wp\/v2\/media?parent=105332"}],"wp:term":[{"taxonomy":"product_brand","embeddable":true,"href":"https:\/\/sullamp.com\/en\/wp-json\/wp\/v2\/product_brand?post=105332"},{"taxonomy":"product_cat","embeddable":true,"href":"https:\/\/sullamp.com\/en\/wp-json\/wp\/v2\/product_cat?post=105332"},{"taxonomy":"product_tag","embeddable":true,"href":"https:\/\/sullamp.com\/en\/wp-json\/wp\/v2\/product_tag?post=105332"}],"curies":[{"name":"wp","href":"https:\/\/api.w.org\/{rel}","templated":true}]}}