{"id":105348,"date":"2026-03-04T15:08:20","date_gmt":"2026-03-04T15:08:20","guid":{"rendered":"https:\/\/sullamp.com\/?post_type=product&#038;p=105348"},"modified":"2026-03-04T15:08:20","modified_gmt":"2026-03-04T15:08:20","slug":"pull","status":"publish","type":"product","link":"https:\/\/sullamp.com\/en\/produto\/pull\/","title":{"rendered":"Pull"},"content":{"rendered":"<table>\n<tbody>\n<tr>\n<td>Tipo l\u00e2mpada<\/td>\n<td>G9<\/td>\n<\/tr>\n<tr>\n<td>Corpo<\/td>\n<td>Metal, M\u00e1rmore, Tecido<\/td>\n<\/tr>\n<tr>\n<td>Cores<\/td>\n<td>Preto, Ouro Envelhecido, Banco<\/td>\n<\/tr>\n<tr>\n<td>Opticas<\/td>\n<td>N\/A<\/td>\n<\/tr>\n<tr>\n<td>Difusor<\/td>\n<td>N\/A<\/td>\n<\/tr>\n<tr>\n<td>Pot\u00eancia<\/td>\n<td>4W<\/td>\n<\/tr>\n<tr>\n<td>IP<\/td>\n<td>IP20<\/td>\n<\/tr>\n<tr>\n<td>CCT<\/td>\n<td>2700k<\/td>\n<\/tr>\n<tr>\n<td>Fluxo luminoso<\/td>\n<td>500lm<\/td>\n<\/tr>\n<tr>\n<td>Controlo de fluxo<\/td>\n<td>Dim\u00e1vel<\/td>\n<\/tr>\n<tr>\n<td>Driver inclu\u00eddo<\/td>\n<td>Sim<\/td>\n<\/tr>\n<\/tbody>\n<\/table>\n","protected":false},"excerpt":{"rendered":"<p>Tipo l\u00e2mpada G9 Corpo Metal, M\u00e1rmore, Tecido Cores Preto, Ouro Envelhecido, Banco Opticas N\/A Difusor N\/A Pot\u00eancia 4W IP IP20 CCT 2700k Fluxo luminoso 500lm Controlo de fluxo Dim\u00e1vel Driver inclu\u00eddo Sim<\/p>\n","protected":false},"featured_media":105351,"template":"","meta":{"_acf_changed":false},"product_brand":[],"product_cat":[20,25],"product_tag":[],"class_list":{"0":"post-105348","1":"product","2":"type-product","3":"status-publish","4":"has-post-thumbnail","6":"product_cat-iluminacao-interior","7":"product_cat-pe","9":"first","10":"instock","11":"taxable","12":"shipping-taxable","13":"purchasable","14":"product-type-variable","15":"has-default-attributes"},"acf":[],"_links":{"self":[{"href":"https:\/\/sullamp.com\/en\/wp-json\/wp\/v2\/product\/105348","targetHints":{"allow":["GET"]}}],"collection":[{"href":"https:\/\/sullamp.com\/en\/wp-json\/wp\/v2\/product"}],"about":[{"href":"https:\/\/sullamp.com\/en\/wp-json\/wp\/v2\/types\/product"}],"wp:featuredmedia":[{"embeddable":true,"href":"https:\/\/sullamp.com\/en\/wp-json\/wp\/v2\/media\/105351"}],"wp:attachment":[{"href":"https:\/\/sullamp.com\/en\/wp-json\/wp\/v2\/media?parent=105348"}],"wp:term":[{"taxonomy":"product_brand","embeddable":true,"href":"https:\/\/sullamp.com\/en\/wp-json\/wp\/v2\/product_brand?post=105348"},{"taxonomy":"product_cat","embeddable":true,"href":"https:\/\/sullamp.com\/en\/wp-json\/wp\/v2\/product_cat?post=105348"},{"taxonomy":"product_tag","embeddable":true,"href":"https:\/\/sullamp.com\/en\/wp-json\/wp\/v2\/product_tag?post=105348"}],"curies":[{"name":"wp","href":"https:\/\/api.w.org\/{rel}","templated":true}]}}