{"id":105871,"date":"2026-03-11T01:12:13","date_gmt":"2026-03-11T01:12:13","guid":{"rendered":"https:\/\/sullamp.com\/?post_type=product&#038;p=105871"},"modified":"2026-03-11T01:12:13","modified_gmt":"2026-03-11T01:12:13","slug":"fill","status":"publish","type":"product","link":"https:\/\/sullamp.com\/en\/produto\/fill\/","title":{"rendered":"Fill"},"content":{"rendered":"<table>\n<tbody>\n<tr>\n<td>Tipo l\u00e2mpada<\/td>\n<td>E27<\/td>\n<\/tr>\n<tr>\n<td>Corpo<\/td>\n<td>Metal, Cer\u00e2mica<\/td>\n<\/tr>\n<tr>\n<td>Cores<\/td>\n<td>Preto, Branco, Ouro Brilhante, Lat\u00e3o, Laranja<\/td>\n<\/tr>\n<tr>\n<td>Opticas<\/td>\n<td>N\/A<\/td>\n<\/tr>\n<tr>\n<td>Difusor<\/td>\n<td>N\/A<\/td>\n<\/tr>\n<tr>\n<td>Pot\u00eancia<\/td>\n<td>15W<\/td>\n<\/tr>\n<tr>\n<td>IP<\/td>\n<td>IP20<\/td>\n<\/tr>\n<tr>\n<td>CCT<\/td>\n<td><\/td>\n<\/tr>\n<tr>\n<td>Fluxo luminoso<\/td>\n<td><\/td>\n<\/tr>\n<tr>\n<td>Controlo de fluxo<\/td>\n<td>Dim\u00e1vel<\/td>\n<\/tr>\n<tr>\n<td>Driver inclu\u00eddo<\/td>\n<td>Sim<\/td>\n<\/tr>\n<\/tbody>\n<\/table>\n","protected":false},"excerpt":{"rendered":"<p>Tipo l\u00e2mpada E27 Corpo Metal, Cer\u00e2mica Cores Preto, Branco, Ouro Brilhante, Lat\u00e3o, Laranja Opticas N\/A Difusor N\/A Pot\u00eancia 15W IP IP20 CCT Fluxo luminoso Controlo de fluxo Dim\u00e1vel Driver inclu\u00eddo Sim<\/p>\n","protected":false},"featured_media":0,"template":"","meta":{"_acf_changed":false},"product_brand":[],"product_cat":[20,23],"product_tag":[],"class_list":{"0":"post-105871","1":"product","2":"type-product","3":"status-publish","5":"product_cat-iluminacao-interior","6":"product_cat-mesa","8":"first","9":"instock","10":"taxable","11":"shipping-taxable","12":"purchasable","13":"product-type-variable","14":"has-default-attributes"},"acf":[],"_links":{"self":[{"href":"https:\/\/sullamp.com\/en\/wp-json\/wp\/v2\/product\/105871","targetHints":{"allow":["GET"]}}],"collection":[{"href":"https:\/\/sullamp.com\/en\/wp-json\/wp\/v2\/product"}],"about":[{"href":"https:\/\/sullamp.com\/en\/wp-json\/wp\/v2\/types\/product"}],"wp:attachment":[{"href":"https:\/\/sullamp.com\/en\/wp-json\/wp\/v2\/media?parent=105871"}],"wp:term":[{"taxonomy":"product_brand","embeddable":true,"href":"https:\/\/sullamp.com\/en\/wp-json\/wp\/v2\/product_brand?post=105871"},{"taxonomy":"product_cat","embeddable":true,"href":"https:\/\/sullamp.com\/en\/wp-json\/wp\/v2\/product_cat?post=105871"},{"taxonomy":"product_tag","embeddable":true,"href":"https:\/\/sullamp.com\/en\/wp-json\/wp\/v2\/product_tag?post=105871"}],"curies":[{"name":"wp","href":"https:\/\/api.w.org\/{rel}","templated":true}]}}