{"id":106243,"date":"2026-03-17T11:31:07","date_gmt":"2026-03-17T11:31:07","guid":{"rendered":"https:\/\/sullamp.com\/?post_type=product&#038;p=106243"},"modified":"2026-03-18T10:19:25","modified_gmt":"2026-03-18T10:19:25","slug":"tea-2","status":"publish","type":"product","link":"https:\/\/sullamp.com\/en\/produto\/tea-2\/","title":{"rendered":"Tea"},"content":{"rendered":"<table>\n<tbody>\n<tr>\n<td>Tipo l\u00e2mpada<\/td>\n<td>5 Led<\/td>\n<\/tr>\n<tr>\n<td>Corpo<\/td>\n<td>Metal, Marmore<\/td>\n<\/tr>\n<tr>\n<td>Cores<\/td>\n<td>Preto, Ouro Envelhecido<\/td>\n<\/tr>\n<tr>\n<td>Opticas<\/td>\n<td>N\/A<\/td>\n<\/tr>\n<tr>\n<td>Difusor<\/td>\n<td>N\/A<\/td>\n<\/tr>\n<tr>\n<td>Pot\u00eancia<\/td>\n<td>6W<\/td>\n<\/tr>\n<tr>\n<td>IP<\/td>\n<td>IP20<\/td>\n<\/tr>\n<tr>\n<td>CCT<\/td>\n<td>2700K<\/td>\n<\/tr>\n<tr>\n<td>Fluxo luminoso<\/td>\n<td>2850lm<\/td>\n<\/tr>\n<tr>\n<td>Controlo de fluxo<\/td>\n<td>Dim\u00e1vel<\/td>\n<\/tr>\n<tr>\n<td>Driver inclu\u00eddo<\/td>\n<td>Sim<\/td>\n<\/tr>\n<\/tbody>\n<\/table>\n","protected":false},"excerpt":{"rendered":"<p>Tipo l\u00e2mpada 5 Led Corpo Metal, Marmore Cores Preto, Ouro Envelhecido Opticas N\/A Difusor N\/A Pot\u00eancia 6W IP IP20 CCT 2700K Fluxo luminoso 2850lm Controlo de fluxo Dim\u00e1vel Driver inclu\u00eddo Sim<\/p>\n","protected":false},"featured_media":106248,"template":"","meta":{"_acf_changed":false},"product_brand":[],"product_cat":[20,26],"product_tag":[],"class_list":{"0":"post-106243","1":"product","2":"type-product","3":"status-publish","4":"has-post-thumbnail","6":"product_cat-iluminacao-interior","7":"product_cat-suspensos","9":"first","10":"instock","11":"taxable","12":"shipping-taxable","13":"purchasable","14":"product-type-variable","15":"has-default-attributes"},"acf":[],"_links":{"self":[{"href":"https:\/\/sullamp.com\/en\/wp-json\/wp\/v2\/product\/106243","targetHints":{"allow":["GET"]}}],"collection":[{"href":"https:\/\/sullamp.com\/en\/wp-json\/wp\/v2\/product"}],"about":[{"href":"https:\/\/sullamp.com\/en\/wp-json\/wp\/v2\/types\/product"}],"wp:featuredmedia":[{"embeddable":true,"href":"https:\/\/sullamp.com\/en\/wp-json\/wp\/v2\/media\/106248"}],"wp:attachment":[{"href":"https:\/\/sullamp.com\/en\/wp-json\/wp\/v2\/media?parent=106243"}],"wp:term":[{"taxonomy":"product_brand","embeddable":true,"href":"https:\/\/sullamp.com\/en\/wp-json\/wp\/v2\/product_brand?post=106243"},{"taxonomy":"product_cat","embeddable":true,"href":"https:\/\/sullamp.com\/en\/wp-json\/wp\/v2\/product_cat?post=106243"},{"taxonomy":"product_tag","embeddable":true,"href":"https:\/\/sullamp.com\/en\/wp-json\/wp\/v2\/product_tag?post=106243"}],"curies":[{"name":"wp","href":"https:\/\/api.w.org\/{rel}","templated":true}]}}