{"id":106800,"date":"2026-05-11T16:14:31","date_gmt":"2026-05-11T15:14:31","guid":{"rendered":"https:\/\/sullamp.com\/?post_type=product&#038;p=106800"},"modified":"2026-05-11T16:14:32","modified_gmt":"2026-05-11T15:14:32","slug":"regulador-dali-triac","status":"publish","type":"product","link":"https:\/\/sullamp.com\/en\/produto\/regulador-dali-triac\/","title":{"rendered":"Regulador DALI-TRIAC"},"content":{"rendered":"<table style=\"height: 453px\" width=\"421\">\n<tbody>\n<tr>\n<td>Regulador<\/td>\n<td>DALI &#8211; TRIAC<\/td>\n<\/tr>\n<tr>\n<td>Formato<\/td>\n<td>Para encastrar<\/td>\n<\/tr>\n<tr>\n<td>Cores<\/td>\n<td>Branco<\/td>\n<\/tr>\n<tr>\n<td>Conector de entrada<\/td>\n<td>Parafuso<\/td>\n<\/tr>\n<tr>\n<td>Conector de saida<\/td>\n<td>Parafuso<\/td>\n<\/tr>\n<tr>\n<td>Pot\u00eancia<\/td>\n<td>200W<\/td>\n<\/tr>\n<tr>\n<td>IP<\/td>\n<td>IP20<\/td>\n<\/tr>\n<tr>\n<td>Freq. de entrada<\/td>\n<td>50Hz<\/td>\n<\/tr>\n<tr>\n<td>Entrada CA Min.<\/td>\n<td>100V<\/td>\n<\/tr>\n<tr>\n<td>Entrada CA Max.<\/td>\n<td>240V<\/td>\n<\/tr>\n<tr>\n<td>Tipo de Entrada<\/td>\n<td>Monof\u00e1sica<\/td>\n<\/tr>\n<\/tbody>\n<\/table>\n<p>Notas:<br \/>\nRegulador DALI-TRIAC.<br \/>\nRegula\u00e7\u00e3o de 1 canal.<br \/>\nEquipamento para encastrar por detr\u00e1s de um interruptor de press\u00e3o.<\/p>\n<p>&nbsp;<\/p>\n","protected":false},"excerpt":{"rendered":"<p>Regulador DALI &#8211; TRIAC Formato Para encastrar Cores Branco Conector de entrada Parafuso Conector de saida Parafuso Pot\u00eancia 200W IP IP20 Freq. de entrada 50Hz Entrada CA Min. 100V Entrada CA Max. 240V Tipo de Entrada Monof\u00e1sica Notas: Regulador DALI-TRIAC. Regula\u00e7\u00e3o de 1 canal. Equipamento para encastrar por detr\u00e1s de um interruptor de press\u00e3o. &nbsp;<\/p>\n","protected":false},"featured_media":106801,"template":"","meta":{"_acf_changed":false},"product_brand":[124],"product_cat":[108,10219,10217,107,10218],"product_tag":[],"class_list":{"0":"post-106800","1":"product","2":"type-product","3":"status-publish","4":"has-post-thumbnail","6":"product_brand-mean-well","7":"product_cat-acessorios","8":"product_cat-dali","9":"product_cat-dimmer","10":"product_cat-lampadas-acessorios","11":"product_cat-triac","13":"first","14":"instock","15":"taxable","16":"shipping-taxable","17":"product-type-variable"},"acf":[],"_links":{"self":[{"href":"https:\/\/sullamp.com\/en\/wp-json\/wp\/v2\/product\/106800","targetHints":{"allow":["GET"]}}],"collection":[{"href":"https:\/\/sullamp.com\/en\/wp-json\/wp\/v2\/product"}],"about":[{"href":"https:\/\/sullamp.com\/en\/wp-json\/wp\/v2\/types\/product"}],"wp:featuredmedia":[{"embeddable":true,"href":"https:\/\/sullamp.com\/en\/wp-json\/wp\/v2\/media\/106801"}],"wp:attachment":[{"href":"https:\/\/sullamp.com\/en\/wp-json\/wp\/v2\/media?parent=106800"}],"wp:term":[{"taxonomy":"product_brand","embeddable":true,"href":"https:\/\/sullamp.com\/en\/wp-json\/wp\/v2\/product_brand?post=106800"},{"taxonomy":"product_cat","embeddable":true,"href":"https:\/\/sullamp.com\/en\/wp-json\/wp\/v2\/product_cat?post=106800"},{"taxonomy":"product_tag","embeddable":true,"href":"https:\/\/sullamp.com\/en\/wp-json\/wp\/v2\/product_tag?post=106800"}],"curies":[{"name":"wp","href":"https:\/\/api.w.org\/{rel}","templated":true}]}}