{"id":93065,"date":"2025-10-23T16:56:08","date_gmt":"2025-10-23T15:56:08","guid":{"rendered":"https:\/\/sullamp.com\/?post_type=product&#038;p=93065"},"modified":"2026-01-17T10:01:53","modified_gmt":"2026-01-17T10:01:53","slug":"armin-brass","status":"publish","type":"product","link":"https:\/\/sullamp.com\/en\/produto\/armin-brass\/","title":{"rendered":"Armin Brass"},"content":{"rendered":"<table style=\"height: 418px\" width=\"361\" cellspacing=\"0\" cellpadding=\"0\">\n<tbody>\n<tr>\n<td valign=\"top\">Tipo l\u00e2mpada<\/td>\n<td valign=\"top\">led<\/td>\n<\/tr>\n<tr>\n<td valign=\"top\">Corpo<\/td>\n<td valign=\"top\">Lat\u00e3o<\/td>\n<\/tr>\n<tr>\n<td valign=\"top\">Cores<\/td>\n<td valign=\"top\">Lat\u00e3o natural, Lat\u00e3o envelhecido<\/td>\n<\/tr>\n<tr>\n<td valign=\"top\">Opticas<\/td>\n<td valign=\"top\">45\u00ba<\/td>\n<\/tr>\n<tr>\n<td valign=\"top\">Difusor<\/td>\n<td valign=\"top\">Policarbonato<\/td>\n<\/tr>\n<tr>\n<td valign=\"top\">Pot\u00eancia<\/td>\n<td valign=\"top\">7W<\/td>\n<\/tr>\n<tr>\n<td valign=\"top\">CRI<\/td>\n<td valign=\"top\">80<\/td>\n<\/tr>\n<tr>\n<td valign=\"top\">IP<\/td>\n<td valign=\"top\">65<\/td>\n<\/tr>\n<tr>\n<td valign=\"top\">CCT<\/td>\n<td valign=\"top\">2700K<\/td>\n<\/tr>\n<tr>\n<td valign=\"top\">Fluxo luminoso<\/td>\n<td valign=\"top\">500lm<\/td>\n<\/tr>\n<tr>\n<td valign=\"top\">Tens\u00e3o entrada<\/td>\n<td valign=\"top\">24V<\/td>\n<\/tr>\n<tr>\n<td valign=\"top\">Driver inclu\u00eddo<\/td>\n<td valign=\"top\">N\u00e3o<\/td>\n<\/tr>\n<\/tbody>\n<\/table>\n<table width=\"361\" cellspacing=\"0\" cellpadding=\"0\">\n<tbody>\n<tr>\n<td valign=\"top\"><\/td>\n<\/tr>\n<\/tbody>\n<\/table>\n<p>Candeeiro pilar com estaca inclu\u00edda, ideal para ilumina\u00e7\u00e3o de caminhos ou areas de pequenos arbustos.<\/p>\n<p>Funciona com driver 24V n\u00e3o inclu\u00eddo.<\/p>\n","protected":false},"excerpt":{"rendered":"<p>Tipo l\u00e2mpada led Corpo Lat\u00e3o Cores Lat\u00e3o natural, Lat\u00e3o envelhecido Opticas 45\u00ba Difusor Policarbonato Pot\u00eancia 7W CRI 80 IP 65 CCT 2700K Fluxo luminoso 500lm Tens\u00e3o entrada 24V Driver inclu\u00eddo N\u00e3o Candeeiro pilar com estaca inclu\u00edda, ideal para ilumina\u00e7\u00e3o de caminhos ou areas de pequenos arbustos. Funciona com driver 24V n\u00e3o inclu\u00eddo.<\/p>\n","protected":false},"featured_media":93070,"template":"","meta":{"_acf_changed":false},"product_brand":[201],"product_cat":[28,32],"product_tag":[],"class_list":{"0":"post-93065","1":"product","2":"type-product","3":"status-publish","4":"has-post-thumbnail","6":"product_brand-redo","7":"product_cat-iluminacao-exterior","8":"product_cat-pilar","10":"first","11":"instock","12":"taxable","13":"shipping-taxable","14":"purchasable","15":"product-type-variable","16":"has-default-attributes"},"acf":[],"_links":{"self":[{"href":"https:\/\/sullamp.com\/en\/wp-json\/wp\/v2\/product\/93065","targetHints":{"allow":["GET"]}}],"collection":[{"href":"https:\/\/sullamp.com\/en\/wp-json\/wp\/v2\/product"}],"about":[{"href":"https:\/\/sullamp.com\/en\/wp-json\/wp\/v2\/types\/product"}],"wp:featuredmedia":[{"embeddable":true,"href":"https:\/\/sullamp.com\/en\/wp-json\/wp\/v2\/media\/93070"}],"wp:attachment":[{"href":"https:\/\/sullamp.com\/en\/wp-json\/wp\/v2\/media?parent=93065"}],"wp:term":[{"taxonomy":"product_brand","embeddable":true,"href":"https:\/\/sullamp.com\/en\/wp-json\/wp\/v2\/product_brand?post=93065"},{"taxonomy":"product_cat","embeddable":true,"href":"https:\/\/sullamp.com\/en\/wp-json\/wp\/v2\/product_cat?post=93065"},{"taxonomy":"product_tag","embeddable":true,"href":"https:\/\/sullamp.com\/en\/wp-json\/wp\/v2\/product_tag?post=93065"}],"curies":[{"name":"wp","href":"https:\/\/api.w.org\/{rel}","templated":true}]}}