{"id":93099,"date":"2025-10-23T17:42:44","date_gmt":"2025-10-23T16:42:44","guid":{"rendered":"https:\/\/sullamp.com\/?post_type=product&#038;p=93099"},"modified":"2026-01-17T11:00:17","modified_gmt":"2026-01-17T11:00:17","slug":"cape-bollard","status":"publish","type":"product","link":"https:\/\/sullamp.com\/en\/produto\/cape-bollard\/","title":{"rendered":"Cape Bollard"},"content":{"rendered":"<p>&nbsp;<\/p>\n<table style=\"height: 386px\" width=\"371\" cellspacing=\"0\" cellpadding=\"0\">\n<tbody>\n<tr>\n<td valign=\"top\">Tipo l\u00e2mpada<\/td>\n<td valign=\"top\">Led<\/td>\n<\/tr>\n<tr>\n<td valign=\"top\">Corpo<\/td>\n<td valign=\"top\">Alum\u00ednio Termolacado<\/td>\n<\/tr>\n<tr>\n<td valign=\"top\">Cores<\/td>\n<td valign=\"top\">Antracite<\/td>\n<\/tr>\n<tr>\n<td valign=\"top\">Opticas<\/td>\n<td valign=\"top\">20\u00baX40\u00ba, 20\u00baX90\u00ba<\/td>\n<\/tr>\n<tr>\n<td valign=\"top\">Difusor<\/td>\n<td valign=\"top\">Vidro Transparente<\/td>\n<\/tr>\n<tr>\n<td valign=\"top\">Pot\u00eancia<\/td>\n<td valign=\"top\">13W<\/td>\n<\/tr>\n<tr>\n<td valign=\"top\">CRI<\/td>\n<td valign=\"top\">80<\/td>\n<\/tr>\n<tr>\n<td valign=\"top\">IP<\/td>\n<td valign=\"top\">54<\/td>\n<\/tr>\n<tr>\n<td valign=\"top\">CCT<\/td>\n<td valign=\"top\">2700K, 3000K<\/td>\n<\/tr>\n<tr>\n<td valign=\"top\">Fluxo luminoso<\/td>\n<td valign=\"top\">1280lm, 1300lm<\/td>\n<\/tr>\n<tr>\n<td valign=\"top\">Controlo de fluxo<\/td>\n<td valign=\"top\">N\u00e3o<\/td>\n<\/tr>\n<tr>\n<td valign=\"top\">Tens\u00e3o de entrada<\/td>\n<td valign=\"top\">100-240V, 50\/60Hz<\/td>\n<\/tr>\n<tr>\n<td valign=\"top\">Driver inclu\u00eddo<\/td>\n<td valign=\"top\">Sim<\/td>\n<\/tr>\n<\/tbody>\n<\/table>\n<p>Pilar exterior pintura termolacada.<\/p>\n<p>Proje\u00e7\u00e3o de luz assim\u00e9trica.<\/p>\n","protected":false},"excerpt":{"rendered":"<p>&nbsp; Tipo l\u00e2mpada Led Corpo Alum\u00ednio Termolacado Cores Antracite Opticas 20\u00baX40\u00ba, 20\u00baX90\u00ba Difusor Vidro Transparente Pot\u00eancia 13W CRI 80 IP 54 CCT 2700K, 3000K Fluxo luminoso 1280lm, 1300lm Controlo de fluxo N\u00e3o Tens\u00e3o de entrada 100-240V, 50\/60Hz Driver inclu\u00eddo Sim Pilar exterior pintura termolacada. Proje\u00e7\u00e3o de luz assim\u00e9trica.<\/p>\n","protected":false},"featured_media":93104,"template":"","meta":{"_acf_changed":false},"product_brand":[201],"product_cat":[28,32],"product_tag":[],"class_list":{"0":"post-93099","1":"product","2":"type-product","3":"status-publish","4":"has-post-thumbnail","6":"product_brand-redo","7":"product_cat-iluminacao-exterior","8":"product_cat-pilar","10":"first","11":"instock","12":"taxable","13":"shipping-taxable","14":"purchasable","15":"product-type-variable","16":"has-default-attributes"},"acf":[],"_links":{"self":[{"href":"https:\/\/sullamp.com\/en\/wp-json\/wp\/v2\/product\/93099","targetHints":{"allow":["GET"]}}],"collection":[{"href":"https:\/\/sullamp.com\/en\/wp-json\/wp\/v2\/product"}],"about":[{"href":"https:\/\/sullamp.com\/en\/wp-json\/wp\/v2\/types\/product"}],"wp:featuredmedia":[{"embeddable":true,"href":"https:\/\/sullamp.com\/en\/wp-json\/wp\/v2\/media\/93104"}],"wp:attachment":[{"href":"https:\/\/sullamp.com\/en\/wp-json\/wp\/v2\/media?parent=93099"}],"wp:term":[{"taxonomy":"product_brand","embeddable":true,"href":"https:\/\/sullamp.com\/en\/wp-json\/wp\/v2\/product_brand?post=93099"},{"taxonomy":"product_cat","embeddable":true,"href":"https:\/\/sullamp.com\/en\/wp-json\/wp\/v2\/product_cat?post=93099"},{"taxonomy":"product_tag","embeddable":true,"href":"https:\/\/sullamp.com\/en\/wp-json\/wp\/v2\/product_tag?post=93099"}],"curies":[{"name":"wp","href":"https:\/\/api.w.org\/{rel}","templated":true}]}}