{"id":93116,"date":"2025-10-23T18:46:40","date_gmt":"2025-10-23T17:46:40","guid":{"rendered":"https:\/\/sullamp.com\/?post_type=product&#038;p=93116"},"modified":"2026-01-17T11:42:46","modified_gmt":"2026-01-17T11:42:46","slug":"cliff-bollard","status":"publish","type":"product","link":"https:\/\/sullamp.com\/en\/produto\/cliff-bollard\/","title":{"rendered":"Cliff Bollard 24V"},"content":{"rendered":"<table style=\"height: 386px\" width=\"371\" cellspacing=\"0\" cellpadding=\"0\">\n<tbody>\n<tr>\n<td valign=\"top\">Tipo l\u00e2mpada<\/td>\n<td valign=\"top\">Led<\/td>\n<\/tr>\n<tr>\n<td valign=\"top\">Corpo<\/td>\n<td valign=\"top\">Bet\u00e3o<\/td>\n<\/tr>\n<tr>\n<td valign=\"top\">Cores<\/td>\n<td valign=\"top\">Ivory, Antracite, Terracota<\/td>\n<\/tr>\n<tr>\n<td valign=\"top\">Opticas<\/td>\n<td valign=\"top\">180\u00ba, 360\u00ba<\/td>\n<\/tr>\n<tr>\n<td valign=\"top\">Difusor<\/td>\n<td valign=\"top\">Vidro mate<\/td>\n<\/tr>\n<tr>\n<td valign=\"top\">Pot\u00eancia<\/td>\n<td valign=\"top\">8W, 15W<\/td>\n<\/tr>\n<tr>\n<td valign=\"top\">CRI<\/td>\n<td valign=\"top\">90<\/td>\n<\/tr>\n<tr>\n<td valign=\"top\">IP<\/td>\n<td valign=\"top\">65<\/td>\n<\/tr>\n<tr>\n<td valign=\"top\">CCT<\/td>\n<td valign=\"top\">2700K, 3000K<\/td>\n<\/tr>\n<tr>\n<td valign=\"top\">Fluxo luminoso<\/td>\n<td valign=\"top\">876lm, 917lm<\/td>\n<\/tr>\n<tr>\n<td valign=\"top\">Controlo de fluxo<\/td>\n<td valign=\"top\">Sim<\/td>\n<\/tr>\n<tr>\n<td valign=\"top\">Tens\u00e3o de entrada<\/td>\n<td valign=\"top\">24V<\/td>\n<\/tr>\n<tr>\n<td valign=\"top\">Driver inclu\u00eddo<\/td>\n<td valign=\"top\">N\u00e3o<\/td>\n<\/tr>\n<\/tbody>\n<\/table>\n<p>Candeeiro em bet\u00e3o com estaca incluida, funcionamento em 24V.<\/p>\n<p>Driver n\u00e3o incluido.<\/p>\n","protected":false},"excerpt":{"rendered":"<p>Tipo l\u00e2mpada Led Corpo Bet\u00e3o Cores Ivory, Antracite, Terracota Opticas 180\u00ba, 360\u00ba Difusor Vidro mate Pot\u00eancia 8W, 15W CRI 90 IP 65 CCT 2700K, 3000K Fluxo luminoso 876lm, 917lm Controlo de fluxo Sim Tens\u00e3o de entrada 24V Driver inclu\u00eddo N\u00e3o Candeeiro em bet\u00e3o com estaca incluida, funcionamento em 24V. Driver n\u00e3o incluido.<\/p>\n","protected":false},"featured_media":93145,"template":"","meta":{"_acf_changed":false},"product_brand":[201],"product_cat":[28,32],"product_tag":[],"class_list":{"0":"post-93116","1":"product","2":"type-product","3":"status-publish","4":"has-post-thumbnail","6":"product_brand-redo","7":"product_cat-iluminacao-exterior","8":"product_cat-pilar","10":"first","11":"instock","12":"taxable","13":"shipping-taxable","14":"purchasable","15":"product-type-variable","16":"has-default-attributes"},"acf":[],"_links":{"self":[{"href":"https:\/\/sullamp.com\/en\/wp-json\/wp\/v2\/product\/93116","targetHints":{"allow":["GET"]}}],"collection":[{"href":"https:\/\/sullamp.com\/en\/wp-json\/wp\/v2\/product"}],"about":[{"href":"https:\/\/sullamp.com\/en\/wp-json\/wp\/v2\/types\/product"}],"wp:featuredmedia":[{"embeddable":true,"href":"https:\/\/sullamp.com\/en\/wp-json\/wp\/v2\/media\/93145"}],"wp:attachment":[{"href":"https:\/\/sullamp.com\/en\/wp-json\/wp\/v2\/media?parent=93116"}],"wp:term":[{"taxonomy":"product_brand","embeddable":true,"href":"https:\/\/sullamp.com\/en\/wp-json\/wp\/v2\/product_brand?post=93116"},{"taxonomy":"product_cat","embeddable":true,"href":"https:\/\/sullamp.com\/en\/wp-json\/wp\/v2\/product_cat?post=93116"},{"taxonomy":"product_tag","embeddable":true,"href":"https:\/\/sullamp.com\/en\/wp-json\/wp\/v2\/product_tag?post=93116"}],"curies":[{"name":"wp","href":"https:\/\/api.w.org\/{rel}","templated":true}]}}