{"id":95699,"date":"2025-11-14T11:50:33","date_gmt":"2025-11-14T11:50:33","guid":{"rendered":"https:\/\/sullamp.com\/?post_type=product&#038;p=95699"},"modified":"2026-01-19T15:52:42","modified_gmt":"2026-01-19T15:52:42","slug":"boeing-floor","status":"publish","type":"product","link":"https:\/\/sullamp.com\/en\/produto\/boeing-floor\/","title":{"rendered":"Boeing"},"content":{"rendered":"<table style=\"height: 386px\" width=\"371\" cellspacing=\"0\" cellpadding=\"0\">\n<tbody>\n<tr>\n<td valign=\"top\">Tipo l\u00e2mpada<\/td>\n<td valign=\"top\">Led<\/td>\n<\/tr>\n<tr>\n<td valign=\"top\">Corpo<\/td>\n<td valign=\"top\">Aluminio<\/td>\n<\/tr>\n<tr>\n<td valign=\"top\">Cores<\/td>\n<td valign=\"top\">Antracite, caf\u00e9, preto<\/td>\n<\/tr>\n<tr>\n<td valign=\"top\">Opticas<\/td>\n<td valign=\"top\">360\u00ba<\/td>\n<\/tr>\n<tr>\n<td valign=\"top\">Difusor<\/td>\n<td valign=\"top\">Policarbonato transparente<\/td>\n<\/tr>\n<tr>\n<td valign=\"top\">Pot\u00eancia<\/td>\n<td valign=\"top\">14W<\/td>\n<\/tr>\n<tr>\n<td valign=\"top\">CRI<\/td>\n<td valign=\"top\">90<\/td>\n<\/tr>\n<tr>\n<td valign=\"top\">IP<\/td>\n<td valign=\"top\">65<\/td>\n<\/tr>\n<tr>\n<td valign=\"top\">CCT<\/td>\n<td valign=\"top\">3000K<\/td>\n<\/tr>\n<tr>\n<td valign=\"top\">Fluxo luminoso<\/td>\n<td valign=\"top\">1700lm<\/td>\n<\/tr>\n<tr>\n<td valign=\"top\">Controlo de fluxo<\/td>\n<td valign=\"top\">N\u00e3o<\/td>\n<\/tr>\n<tr>\n<td valign=\"top\">Tens\u00e3o de entrada<\/td>\n<td valign=\"top\">220-240V<\/td>\n<\/tr>\n<tr>\n<td valign=\"top\">Driver inclu\u00eddo<\/td>\n<td valign=\"top\">Sim<\/td>\n<\/tr>\n<\/tbody>\n<\/table>\n","protected":false},"excerpt":{"rendered":"<p>Tipo l\u00e2mpada Led Corpo Aluminio Cores Antracite, caf\u00e9, preto Opticas 360\u00ba Difusor Policarbonato transparente Pot\u00eancia 14W CRI 90 IP 65 CCT 3000K Fluxo luminoso 1700lm Controlo de fluxo N\u00e3o Tens\u00e3o de entrada 220-240V Driver inclu\u00eddo Sim<\/p>\n","protected":false},"featured_media":95701,"template":"","meta":{"_acf_changed":false},"product_brand":[],"product_cat":[28,32],"product_tag":[],"class_list":{"0":"post-95699","1":"product","2":"type-product","3":"status-publish","4":"has-post-thumbnail","6":"product_cat-iluminacao-exterior","7":"product_cat-pilar","9":"first","10":"instock","11":"taxable","12":"shipping-taxable","13":"purchasable","14":"product-type-variable","15":"has-default-attributes"},"acf":[],"_links":{"self":[{"href":"https:\/\/sullamp.com\/en\/wp-json\/wp\/v2\/product\/95699","targetHints":{"allow":["GET"]}}],"collection":[{"href":"https:\/\/sullamp.com\/en\/wp-json\/wp\/v2\/product"}],"about":[{"href":"https:\/\/sullamp.com\/en\/wp-json\/wp\/v2\/types\/product"}],"wp:featuredmedia":[{"embeddable":true,"href":"https:\/\/sullamp.com\/en\/wp-json\/wp\/v2\/media\/95701"}],"wp:attachment":[{"href":"https:\/\/sullamp.com\/en\/wp-json\/wp\/v2\/media?parent=95699"}],"wp:term":[{"taxonomy":"product_brand","embeddable":true,"href":"https:\/\/sullamp.com\/en\/wp-json\/wp\/v2\/product_brand?post=95699"},{"taxonomy":"product_cat","embeddable":true,"href":"https:\/\/sullamp.com\/en\/wp-json\/wp\/v2\/product_cat?post=95699"},{"taxonomy":"product_tag","embeddable":true,"href":"https:\/\/sullamp.com\/en\/wp-json\/wp\/v2\/product_tag?post=95699"}],"curies":[{"name":"wp","href":"https:\/\/api.w.org\/{rel}","templated":true}]}}