{"id":99226,"date":"2026-01-12T10:51:39","date_gmt":"2026-01-12T10:51:39","guid":{"rendered":"https:\/\/sullamp.com\/?post_type=product&#038;p=99226"},"modified":"2026-01-12T12:13:53","modified_gmt":"2026-01-12T12:13:53","slug":"mw-lpv20-24","status":"publish","type":"product","link":"https:\/\/sullamp.com\/en\/produto\/mw-lpv20-24\/","title":{"rendered":"MW LPV20-24"},"content":{"rendered":"<table style=\"height: 452px\" width=\"418\">\n<tbody>\n<tr>\n<td>Tens\u00e3o entrada<\/td>\n<td>100-240V<\/td>\n<\/tr>\n<tr>\n<td>Tens\u00e3o sa\u00edda<\/td>\n<td>24V<\/td>\n<\/tr>\n<tr>\n<td>Material<\/td>\n<td>Policarbonato<\/td>\n<\/tr>\n<tr>\n<td>Amperagem<\/td>\n<td>100 &#8211; 380mA<\/td>\n<\/tr>\n<tr>\n<td>Enrolameto Duplo<\/td>\n<td>N\u00e3o<\/td>\n<\/tr>\n<tr>\n<td>Pot\u00eancia<\/td>\n<td>20W<\/td>\n<\/tr>\n<tr>\n<td>IP<\/td>\n<td>IP67<\/td>\n<\/tr>\n<tr>\n<td>CCT<\/td>\n<td>N\/A<\/td>\n<\/tr>\n<tr>\n<td>Fluxo luminoso<\/td>\n<td>N\/A<\/td>\n<\/tr>\n<tr>\n<td>Controlo de fluxo<\/td>\n<td>N\u00e3o<\/td>\n<\/tr>\n<tr>\n<td>Driver inclu\u00eddo<\/td>\n<td>N\/A<\/td>\n<\/tr>\n<\/tbody>\n<\/table>\n","protected":false},"excerpt":{"rendered":"<p>Tens\u00e3o entrada 100-240V Tens\u00e3o sa\u00edda 24V Material Policarbonato Amperagem 100 &#8211; 380mA Enrolameto Duplo N\u00e3o Pot\u00eancia 20W IP IP67 CCT N\/A Fluxo luminoso N\/A Controlo de fluxo N\u00e3o Driver inclu\u00eddo N\/A<\/p>\n","protected":false},"featured_media":99228,"template":"","meta":{"_acf_changed":false},"product_brand":[124],"product_cat":[122,107,9085,9084],"product_tag":[],"class_list":{"0":"post-99226","1":"product","2":"type-product","3":"status-publish","4":"has-post-thumbnail","6":"product_brand-mean-well","7":"product_cat-drivers","8":"product_cat-lampadas-acessorios","9":"product_cat-on-off","10":"product_cat-transformadores","12":"first","13":"instock","14":"taxable","15":"shipping-taxable","16":"purchasable","17":"product-type-variable"},"acf":[],"_links":{"self":[{"href":"https:\/\/sullamp.com\/en\/wp-json\/wp\/v2\/product\/99226","targetHints":{"allow":["GET"]}}],"collection":[{"href":"https:\/\/sullamp.com\/en\/wp-json\/wp\/v2\/product"}],"about":[{"href":"https:\/\/sullamp.com\/en\/wp-json\/wp\/v2\/types\/product"}],"wp:featuredmedia":[{"embeddable":true,"href":"https:\/\/sullamp.com\/en\/wp-json\/wp\/v2\/media\/99228"}],"wp:attachment":[{"href":"https:\/\/sullamp.com\/en\/wp-json\/wp\/v2\/media?parent=99226"}],"wp:term":[{"taxonomy":"product_brand","embeddable":true,"href":"https:\/\/sullamp.com\/en\/wp-json\/wp\/v2\/product_brand?post=99226"},{"taxonomy":"product_cat","embeddable":true,"href":"https:\/\/sullamp.com\/en\/wp-json\/wp\/v2\/product_cat?post=99226"},{"taxonomy":"product_tag","embeddable":true,"href":"https:\/\/sullamp.com\/en\/wp-json\/wp\/v2\/product_tag?post=99226"}],"curies":[{"name":"wp","href":"https:\/\/api.w.org\/{rel}","templated":true}]}}