{"id":99294,"date":"2026-01-12T16:53:14","date_gmt":"2026-01-12T16:53:14","guid":{"rendered":"https:\/\/sullamp.com\/?post_type=product&#038;p=99294"},"modified":"2026-01-12T17:09:45","modified_gmt":"2026-01-12T17:09:45","slug":"mw-cvpd2-60-24-l20","status":"publish","type":"product","link":"https:\/\/sullamp.com\/en\/produto\/mw-cvpd2-60-24-l20\/","title":{"rendered":"MW CVPD2 60-24-L20"},"content":{"rendered":"<table style=\"height: 452px\" width=\"418\">\n<tbody>\n<tr>\n<td>Tens\u00e3o entrada<\/td>\n<td>100-240V<\/td>\n<\/tr>\n<tr>\n<td>Tens\u00e3o sa\u00edda<\/td>\n<td>24V<\/td>\n<\/tr>\n<tr>\n<td>Material<\/td>\n<td>Policarbonato<\/td>\n<\/tr>\n<tr>\n<td>Amperagem<\/td>\n<td>N\/A<\/td>\n<\/tr>\n<tr>\n<td>Enrolameto Duplo<\/td>\n<td>Sim<\/td>\n<\/tr>\n<tr>\n<td>Pot\u00eancia<\/td>\n<td>60W<\/td>\n<\/tr>\n<tr>\n<td>IP<\/td>\n<td>IP67<\/td>\n<\/tr>\n<tr>\n<td>CCT<\/td>\n<td>N\/A<\/td>\n<\/tr>\n<tr>\n<td>Fluxo luminoso<\/td>\n<td>N\/A<\/td>\n<\/tr>\n<tr>\n<td>Controlo de fluxo<\/td>\n<td>DALI2 \/ PUSH<\/td>\n<\/tr>\n<tr>\n<td>Driver inclu\u00eddo<\/td>\n<td>N\/A<\/td>\n<\/tr>\n<\/tbody>\n<\/table>\n","protected":false},"excerpt":{"rendered":"<p>Tens\u00e3o entrada 100-240V Tens\u00e3o sa\u00edda 24V Material Policarbonato Amperagem N\/A Enrolameto Duplo Sim Pot\u00eancia 60W IP IP67 CCT N\/A Fluxo luminoso N\/A Controlo de fluxo DALI2 \/ PUSH Driver inclu\u00eddo N\/A<\/p>\n","protected":false},"featured_media":99296,"template":"","meta":{"_acf_changed":false},"product_brand":[124],"product_cat":[9095,122,55,107,9087,9084],"product_tag":[],"class_list":{"0":"post-99294","1":"product","2":"type-product","3":"status-publish","4":"has-post-thumbnail","6":"product_brand-mean-well","7":"product_cat-dali-2","8":"product_cat-drivers","9":"product_cat-iluminacao-tecnica","10":"product_cat-lampadas-acessorios","11":"product_cat-push-t","12":"product_cat-transformadores","14":"first","15":"instock","16":"taxable","17":"shipping-taxable","18":"purchasable","19":"product-type-variable"},"acf":[],"_links":{"self":[{"href":"https:\/\/sullamp.com\/en\/wp-json\/wp\/v2\/product\/99294","targetHints":{"allow":["GET"]}}],"collection":[{"href":"https:\/\/sullamp.com\/en\/wp-json\/wp\/v2\/product"}],"about":[{"href":"https:\/\/sullamp.com\/en\/wp-json\/wp\/v2\/types\/product"}],"wp:featuredmedia":[{"embeddable":true,"href":"https:\/\/sullamp.com\/en\/wp-json\/wp\/v2\/media\/99296"}],"wp:attachment":[{"href":"https:\/\/sullamp.com\/en\/wp-json\/wp\/v2\/media?parent=99294"}],"wp:term":[{"taxonomy":"product_brand","embeddable":true,"href":"https:\/\/sullamp.com\/en\/wp-json\/wp\/v2\/product_brand?post=99294"},{"taxonomy":"product_cat","embeddable":true,"href":"https:\/\/sullamp.com\/en\/wp-json\/wp\/v2\/product_cat?post=99294"},{"taxonomy":"product_tag","embeddable":true,"href":"https:\/\/sullamp.com\/en\/wp-json\/wp\/v2\/product_tag?post=99294"}],"curies":[{"name":"wp","href":"https:\/\/api.w.org\/{rel}","templated":true}]}}